{"id":66289,"date":"2022-11-11T15:00:33","date_gmt":"2022-11-11T08:00:33","guid":{"rendered":"https:\/\/www.polygonbikes.com\/collosus-n9\/"},"modified":"2023-06-14T14:41:59","modified_gmt":"2023-06-14T07:41:59","slug":"collosus-n9","status":"publish","type":"product","link":"https:\/\/www.polygonbikes.com\/pl\/collosus-n9\/","title":{"rendered":"COLLOSUS N9"},"content":{"rendered":"<p>Colossus N9 zosta\u0142 zbudowany z celem i pasj\u0105 &#8211; wykorzystuj\u0105c kombinacj\u0119 nowoczesno\u015bci i technologii, aby poradzi\u0107 sobie w najbardziej wymagaj\u0105cym terenie. Innowacyjny, agresywny, zwinny i szybki rower dla tych, kt\u00f3rzy chc\u0105 pokona\u0107 swoje osobiste ograniczenia w g\u00f3rach lub \u015bciga\u0107 si\u0119 na \u015bwiatowym poziomie. Swobodny k\u0105t g\u0142\u00f3wki ramy wynosz\u0105cy 63,5 stopnia w po\u0142\u0105czeniu z 435-milimetrowymi rurami tylnego tr\u00f3jk\u0105ta i 77-stopniowym k\u0105tem nachylenia rury podsiod\u0142owej tworz\u0105 rower bez kompromis\u00f3w; Ca\u0142kowicie nowy 6-zawiasowy uk\u0142ad zawieszenia zapewnia wydajn\u0105 platform\u0119 do peda\u0142owania podczas podje\u017cd\u017cania pod g\u00f3r\u0119, precyzyjne prowadzenie, wygod\u0119 przy du\u017cych pr\u0119dko\u015bciach, niezr\u00f3wnan\u0105 przyczepno\u015b\u0107 oraz mo\u017cliwo\u015b\u0107 przyspieszania skok\u00f3w i stylizacji przed kamer\u0105.<\/p>\n\n    <div class=\"xs_social_share_widget xs_share_url after_content \t\tmain_content  wslu-style-1 wslu-share-box-shaped wslu-fill-colored wslu-none wslu-share-horizontal wslu-theme-font-no wslu-main_content\">\n\n\t\t\n        <ul>\n\t\t\t        <\/ul>\n    <\/div> \n","protected":false},"excerpt":{"rendered":"<p>Maszyna wy\u015bcigowa enduro<\/p>\n","protected":false},"featured_media":66927,"comment_status":"open","ping_status":"closed","template":"","meta":{"_editorskit_title_hidden":false,"_editorskit_reading_time":0,"_editorskit_is_block_options_detached":false,"_editorskit_block_options_position":"{}","_themeisle_gutenberg_block_has_review":false},"product_cat":[1074],"product_tag":[],"acf":[],"_links":{"self":[{"href":"https:\/\/www.polygonbikes.com\/pl\/wp-json\/wp\/v2\/product\/66289"}],"collection":[{"href":"https:\/\/www.polygonbikes.com\/pl\/wp-json\/wp\/v2\/product"}],"about":[{"href":"https:\/\/www.polygonbikes.com\/pl\/wp-json\/wp\/v2\/types\/product"}],"replies":[{"embeddable":true,"href":"https:\/\/www.polygonbikes.com\/pl\/wp-json\/wp\/v2\/comments?post=66289"}],"wp:featuredmedia":[{"embeddable":true,"href":"https:\/\/www.polygonbikes.com\/pl\/wp-json\/wp\/v2\/media\/66927"}],"wp:attachment":[{"href":"https:\/\/www.polygonbikes.com\/pl\/wp-json\/wp\/v2\/media?parent=66289"}],"wp:term":[{"taxonomy":"product_cat","embeddable":true,"href":"https:\/\/www.polygonbikes.com\/pl\/wp-json\/wp\/v2\/product_cat?post=66289"},{"taxonomy":"product_tag","embeddable":true,"href":"https:\/\/www.polygonbikes.com\/pl\/wp-json\/wp\/v2\/product_tag?post=66289"}],"curies":[{"name":"wp","href":"https:\/\/api.w.org\/{rel}","templated":true}]}}