{"id":66217,"date":"2022-07-18T14:15:50","date_gmt":"2022-07-18T07:15:50","guid":{"rendered":"https:\/\/www.polygonbikes.com\/syncline-c5-2020\/"},"modified":"2025-08-20T14:44:33","modified_gmt":"2025-08-20T07:44:33","slug":"syncline-c5-2020","status":"publish","type":"product","link":"https:\/\/www.polygonbikes.com\/pl\/syncline-c5-2020\/","title":{"rendered":"SYNCLINE C5"},"content":{"rendered":"<p style=\"text-align: justify;\">Syncline C5 jest naszym szczytowym osi\u0105gni\u0119ciem w kategorii Hardtail XC. Je\u015bli szukasz roweru, kt\u00f3ry dowiezie ci\u0119 na najwy\u017csze stopnie podium, daj\u0105c jednocze\u015bnie mn\u00f3stwo rado\u015bci z jazdy, to Syncline C5 jest dobrym wyborem. Ultralekka rama z w\u0142\u00f3kna w\u0119glowego, po\u0142\u0105czona z wysokiej klasy komponentami da\u0142a maszyn\u0119 stworzon\u0105 do wygrywania.<\/p>\n\n    <div class=\"xs_social_share_widget xs_share_url after_content \t\tmain_content  wslu-style-1 wslu-share-box-shaped wslu-fill-colored wslu-none wslu-share-horizontal wslu-theme-font-no wslu-main_content\">\n\n\t\t\n        <ul>\n\t\t\t        <\/ul>\n    <\/div> \n","protected":false},"excerpt":{"rendered":"<p>Stworzony zar\u00f3wno dla profesjonalnych zawodnik\u00f3w, kt\u00f3rzy walcz\u0105 o pierwsze miejsca na podium, jak i dla tych, kt\u00f3rzy uwielbiaj\u0105 kolarstwo g\u00f3rskie<\/p>\n","protected":false},"featured_media":66218,"comment_status":"open","ping_status":"closed","template":"","meta":{"_editorskit_title_hidden":false,"_editorskit_reading_time":0,"_editorskit_is_block_options_detached":false,"_editorskit_block_options_position":"{}","_themeisle_gutenberg_block_has_review":false},"product_cat":[1074,1142],"product_tag":[7217],"acf":[],"_links":{"self":[{"href":"https:\/\/www.polygonbikes.com\/pl\/wp-json\/wp\/v2\/product\/66217"}],"collection":[{"href":"https:\/\/www.polygonbikes.com\/pl\/wp-json\/wp\/v2\/product"}],"about":[{"href":"https:\/\/www.polygonbikes.com\/pl\/wp-json\/wp\/v2\/types\/product"}],"replies":[{"embeddable":true,"href":"https:\/\/www.polygonbikes.com\/pl\/wp-json\/wp\/v2\/comments?post=66217"}],"wp:featuredmedia":[{"embeddable":true,"href":"https:\/\/www.polygonbikes.com\/pl\/wp-json\/wp\/v2\/media\/66218"}],"wp:attachment":[{"href":"https:\/\/www.polygonbikes.com\/pl\/wp-json\/wp\/v2\/media?parent=66217"}],"wp:term":[{"taxonomy":"product_cat","embeddable":true,"href":"https:\/\/www.polygonbikes.com\/pl\/wp-json\/wp\/v2\/product_cat?post=66217"},{"taxonomy":"product_tag","embeddable":true,"href":"https:\/\/www.polygonbikes.com\/pl\/wp-json\/wp\/v2\/product_tag?post=66217"}],"curies":[{"name":"wp","href":"https:\/\/api.w.org\/{rel}","templated":true}]}}