{"id":66180,"date":"2022-07-18T08:24:26","date_gmt":"2022-07-18T01:24:26","guid":{"rendered":"https:\/\/www.polygonbikes.com\/siskiu-d5-2020\/"},"modified":"2025-08-21T08:51:58","modified_gmt":"2025-08-21T01:51:58","slug":"siskiu-d5-2020","status":"publish","type":"product","link":"https:\/\/www.polygonbikes.com\/pl\/siskiu-d5-2020\/","title":{"rendered":"SISKIU D5"},"content":{"rendered":"<div style=\"text-align: justify;\">Wiwat nowoczesna geometria; \u0141agodniejszy k\u0105t g\u0142\u00f3wki, wi\u0119kszy zasi\u0119g i bardziej strome siode\u0142ko sprawiaj\u0105, \u017ce seria Polygon Siskiu D jest niewiarygodnie wydajna dla rowerzyst\u00f3w, kt\u00f3rzy chc\u0105 zmierzy\u0107 si\u0119 z jazd\u0105 XC z pewn\u0105 agresj\u0105. Anti-squat zosta\u0142 zoptymalizowany pod k\u0105tem wydajno\u015bci peda\u0142owania, a zawieszenie jest bardziej progresywne, gdy szlak staje si\u0119 nier\u00f3wny. Poprawili\u015bmy wsparcie peda\u0142owania,dzi\u0119ki czemu Siksiu D wspina si\u0119 jak hardtail bez tracenia komfortu i przyczepno\u015bci. Zjazdy s\u0105 jeszcze lepsze, gdy lubisz wspinaczk\u0119.<\/div>\n\n    <div class=\"xs_social_share_widget xs_share_url after_content \t\tmain_content  wslu-style-1 wslu-share-box-shaped wslu-fill-colored wslu-none wslu-share-horizontal wslu-theme-font-no wslu-main_content\">\n\n\t\t\n        <ul>\n\t\t\t        <\/ul>\n    <\/div> \n","protected":false},"excerpt":{"rendered":"<p>Idealny dla rowerzyst\u00f3w, kt\u00f3rzy mierz\u0105 si\u0119 z jazd\u0105 XC z pewn\u0105 agresj\u0105.<\/p>\n","protected":false},"featured_media":66181,"comment_status":"open","ping_status":"closed","template":"","meta":{"_editorskit_title_hidden":false,"_editorskit_reading_time":0,"_editorskit_is_block_options_detached":false,"_editorskit_block_options_position":"{}","_themeisle_gutenberg_block_has_review":false},"product_cat":[1074,1142,1148,1146,1199],"product_tag":[7217],"acf":[],"_links":{"self":[{"href":"https:\/\/www.polygonbikes.com\/pl\/wp-json\/wp\/v2\/product\/66180"}],"collection":[{"href":"https:\/\/www.polygonbikes.com\/pl\/wp-json\/wp\/v2\/product"}],"about":[{"href":"https:\/\/www.polygonbikes.com\/pl\/wp-json\/wp\/v2\/types\/product"}],"replies":[{"embeddable":true,"href":"https:\/\/www.polygonbikes.com\/pl\/wp-json\/wp\/v2\/comments?post=66180"}],"wp:featuredmedia":[{"embeddable":true,"href":"https:\/\/www.polygonbikes.com\/pl\/wp-json\/wp\/v2\/media\/66181"}],"wp:attachment":[{"href":"https:\/\/www.polygonbikes.com\/pl\/wp-json\/wp\/v2\/media?parent=66180"}],"wp:term":[{"taxonomy":"product_cat","embeddable":true,"href":"https:\/\/www.polygonbikes.com\/pl\/wp-json\/wp\/v2\/product_cat?post=66180"},{"taxonomy":"product_tag","embeddable":true,"href":"https:\/\/www.polygonbikes.com\/pl\/wp-json\/wp\/v2\/product_tag?post=66180"}],"curies":[{"name":"wp","href":"https:\/\/api.w.org\/{rel}","templated":true}]}}