{"id":66104,"date":"2022-07-18T13:51:32","date_gmt":"2022-07-18T06:51:32","guid":{"rendered":"https:\/\/www.polygonbikes.com\/premier-5-2\/"},"modified":"2025-08-21T08:41:18","modified_gmt":"2025-08-21T01:41:18","slug":"premier-5-2020","status":"publish","type":"product","link":"https:\/\/www.polygonbikes.com\/pl\/premier-5-2020\/","title":{"rendered":"PREMIER 5"},"content":{"rendered":"<p>Rowery z serii Premier 5 powsta\u0142y dla tych rowerzyst\u00f3w, kt\u00f3rzy szukaj\u0105 wszechstronnej maszyny na ka\u017cd\u0105 okazj\u0119. Premier jest dobrym wyborem, je\u015bli szukasz roweru na dojazdy do pracy i do czasu do czasu lubisz wybra\u0107 si\u0119 na wycieczk\u0119 po lesie. To bardzo dobry i niezawodny rower do u\u017cytku codziennego.<\/p>\n\n    <div class=\"xs_social_share_widget xs_share_url after_content \t\tmain_content  wslu-style-1 wslu-share-box-shaped wslu-fill-colored wslu-none wslu-share-horizontal wslu-theme-font-no wslu-main_content\">\n\n\t\t\n        <ul>\n\t\t\t        <\/ul>\n    <\/div> \n","protected":false},"excerpt":{"rendered":"<p>Tutaj zaczyna si\u0119 droga w g\u00f3ry<\/p>\n","protected":false},"featured_media":66105,"comment_status":"open","ping_status":"closed","template":"","meta":{"_editorskit_title_hidden":false,"_editorskit_reading_time":0,"_editorskit_is_block_options_detached":false,"_editorskit_block_options_position":"{}","_themeisle_gutenberg_block_has_review":false},"product_cat":[1074],"product_tag":[7217],"acf":[],"_links":{"self":[{"href":"https:\/\/www.polygonbikes.com\/pl\/wp-json\/wp\/v2\/product\/66104"}],"collection":[{"href":"https:\/\/www.polygonbikes.com\/pl\/wp-json\/wp\/v2\/product"}],"about":[{"href":"https:\/\/www.polygonbikes.com\/pl\/wp-json\/wp\/v2\/types\/product"}],"replies":[{"embeddable":true,"href":"https:\/\/www.polygonbikes.com\/pl\/wp-json\/wp\/v2\/comments?post=66104"}],"wp:featuredmedia":[{"embeddable":true,"href":"https:\/\/www.polygonbikes.com\/pl\/wp-json\/wp\/v2\/media\/66105"}],"wp:attachment":[{"href":"https:\/\/www.polygonbikes.com\/pl\/wp-json\/wp\/v2\/media?parent=66104"}],"wp:term":[{"taxonomy":"product_cat","embeddable":true,"href":"https:\/\/www.polygonbikes.com\/pl\/wp-json\/wp\/v2\/product_cat?post=66104"},{"taxonomy":"product_tag","embeddable":true,"href":"https:\/\/www.polygonbikes.com\/pl\/wp-json\/wp\/v2\/product_tag?post=66104"}],"curies":[{"name":"wp","href":"https:\/\/api.w.org\/{rel}","templated":true}]}}