{"id":66089,"date":"2022-07-18T13:50:57","date_gmt":"2022-07-18T06:50:57","guid":{"rendered":"https:\/\/www.polygonbikes.com\/premier-4-2\/"},"modified":"2025-07-24T13:21:46","modified_gmt":"2025-07-24T06:21:46","slug":"premier-4-2020","status":"publish","type":"product","link":"https:\/\/www.polygonbikes.com\/pl\/premier-4-2020\/","title":{"rendered":"PREMIER 4"},"content":{"rendered":"<p>Rowery z serii Premier 4 powsta\u0142y dla tych rowerzyst\u00f3w, kt\u00f3rzy szukaj\u0105 wszechstronnej maszyny na ka\u017cd\u0105 okazj\u0119. Premier jest dobrym wyborem, je\u015bli szukasz roweru na dojazdy do pracy i do czasu do czasu lubisz wybra\u0107 si\u0119 na wycieczk\u0119 po lesie. To bardzo dobry i niezawodny rower do u\u017cytku codziennego.<\/p>\n\n    <div class=\"xs_social_share_widget xs_share_url after_content \t\tmain_content  wslu-style-1 wslu-share-box-shaped wslu-fill-colored wslu-none wslu-share-horizontal wslu-theme-font-no wslu-main_content\">\n\n\t\t\n        <ul>\n\t\t\t        <\/ul>\n    <\/div> \n","protected":false},"excerpt":{"rendered":"<p>Rowery z serii Premier 4 powsta\u0142y dla tych rowerzyst\u00f3w, kt\u00f3rzy szukaj\u0105 wszechstronnej maszyny na ka\u017cd\u0105 okazj\u0119. Premier jest dobrym wyborem, je\u015bli szukasz roweru na dojazdy do pracy i do czasu&#8230;<\/p>\n","protected":false},"featured_media":66090,"comment_status":"open","ping_status":"closed","template":"","meta":{"_editorskit_title_hidden":false,"_editorskit_reading_time":0,"_editorskit_is_block_options_detached":false,"_editorskit_block_options_position":"{}","_themeisle_gutenberg_block_has_review":false},"product_cat":[1074],"product_tag":[7217],"acf":[],"_links":{"self":[{"href":"https:\/\/www.polygonbikes.com\/pl\/wp-json\/wp\/v2\/product\/66089"}],"collection":[{"href":"https:\/\/www.polygonbikes.com\/pl\/wp-json\/wp\/v2\/product"}],"about":[{"href":"https:\/\/www.polygonbikes.com\/pl\/wp-json\/wp\/v2\/types\/product"}],"replies":[{"embeddable":true,"href":"https:\/\/www.polygonbikes.com\/pl\/wp-json\/wp\/v2\/comments?post=66089"}],"wp:featuredmedia":[{"embeddable":true,"href":"https:\/\/www.polygonbikes.com\/pl\/wp-json\/wp\/v2\/media\/66090"}],"wp:attachment":[{"href":"https:\/\/www.polygonbikes.com\/pl\/wp-json\/wp\/v2\/media?parent=66089"}],"wp:term":[{"taxonomy":"product_cat","embeddable":true,"href":"https:\/\/www.polygonbikes.com\/pl\/wp-json\/wp\/v2\/product_cat?post=66089"},{"taxonomy":"product_tag","embeddable":true,"href":"https:\/\/www.polygonbikes.com\/pl\/wp-json\/wp\/v2\/product_tag?post=66089"}],"curies":[{"name":"wp","href":"https:\/\/api.w.org\/{rel}","templated":true}]}}