{"id":63692,"date":"2022-04-01T17:07:48","date_gmt":"2022-04-01T10:07:48","guid":{"rendered":"https:\/\/www.polygonbikes.com\/helios-a9x-c60-powermeter\/"},"modified":"2025-09-01T13:33:24","modified_gmt":"2025-09-01T06:33:24","slug":"helios-a9x-c60-powermeter","status":"publish","type":"product","link":"https:\/\/www.polygonbikes.com\/pl\/helios-a9x-c60-powermeter\/","title":{"rendered":"HELIOS A9X C60 POWERMETER"},"content":{"rendered":"<div class=\"woocommerce-tabs wc-tabs-wrapper\">\n<div id=\"tab-description\" class=\"woocommerce-Tabs-panel woocommerce-Tabs-panel--description panel entry-content wc-tab\" role=\"tabpanel\" aria-labelledby=\"tab-title-description\">\n<p><span data-sheets-value=\"{&quot;1&quot;:2,&quot;2&quot;:&quot;W pogodni za pr\u0119dko\u015bci\u0105, my, rowerzy\u015bci, zawsze postrzegali\u015bmy natur\u0119 jako przeciwinika. Od przyt\u0142aczaj\u0105cego oporu powietrza po nier\u00f3wne nawierzchnie dr\u00f3g, starali\u015bmy si\u0119 zminimalizowa\u0107 interakcj\u0119 z naszym otoczeniem, maj\u0105c nadziej\u0119 na osi\u0105gni\u0119cie optymalnej wydajno\u015bci. Helios jest tutaj, aby zmieni\u0107 ten paradygmat, poniewa\u017c uwzgl\u0119dnia natur\u0119 na kt\u00f3rej mo\u017cemy by\u0107 jeszcze szybsi.&quot;}\" data-sheets-userformat=\"{&quot;2&quot;:12735,&quot;3&quot;:{&quot;1&quot;:0,&quot;3&quot;:1},&quot;4&quot;:{&quot;1&quot;:2,&quot;2&quot;:16763904},&quot;5&quot;:{&quot;1&quot;:[{&quot;1&quot;:2,&quot;2&quot;:0,&quot;5&quot;:{&quot;1&quot;:0}},{&quot;1&quot;:0,&quot;2&quot;:0,&quot;3&quot;:3},{&quot;1&quot;:1,&quot;2&quot;:0,&quot;4&quot;:1}]},&quot;6&quot;:{&quot;1&quot;:[{&quot;1&quot;:2,&quot;2&quot;:0,&quot;5&quot;:{&quot;1&quot;:0}},{&quot;1&quot;:0,&quot;2&quot;:0,&quot;3&quot;:3},{&quot;1&quot;:1,&quot;2&quot;:0,&quot;4&quot;:1}]},&quot;7&quot;:{&quot;1&quot;:[{&quot;1&quot;:2,&quot;2&quot;:0,&quot;5&quot;:{&quot;1&quot;:0}},{&quot;1&quot;:0,&quot;2&quot;:0,&quot;3&quot;:3},{&quot;1&quot;:1,&quot;2&quot;:0,&quot;4&quot;:1}]},&quot;8&quot;:{&quot;1&quot;:[{&quot;1&quot;:2,&quot;2&quot;:0,&quot;5&quot;:{&quot;1&quot;:0}},{&quot;1&quot;:0,&quot;2&quot;:0,&quot;3&quot;:3},{&quot;1&quot;:1,&quot;2&quot;:0,&quot;4&quot;:1}]},&quot;10&quot;:2,&quot;11&quot;:0,&quot;15&quot;:&quot;Arial&quot;,&quot;16&quot;:10}\">W pogodni za pr\u0119dko\u015bci\u0105, my, rowerzy\u015bci, zawsze postrzegali\u015bmy natur\u0119 jako przeciwinika. Od przyt\u0142aczaj\u0105cego oporu powietrza po nier\u00f3wne nawierzchnie dr\u00f3g, starali\u015bmy si\u0119 zminimalizowa\u0107 interakcj\u0119 z naszym otoczeniem, maj\u0105c nadziej\u0119 na osi\u0105gni\u0119cie optymalnej wydajno\u015bci. Helios jest tutaj, aby zmieni\u0107 ten paradygmat, poniewa\u017c uwzgl\u0119dnia natur\u0119 na kt\u00f3rej mo\u017cemy by\u0107 jeszcze szybsi.<\/span><\/p>\n<\/div>\n<\/div>\n\n    <div class=\"xs_social_share_widget xs_share_url after_content \t\tmain_content  wslu-style-1 wslu-share-box-shaped wslu-fill-colored wslu-none wslu-share-horizontal wslu-theme-font-no wslu-main_content\">\n\n\t\t\n        <ul>\n\t\t\t        <\/ul>\n    <\/div> \n","protected":false},"excerpt":{"rendered":"<p><span data-sheets-value=\"{&quot;1&quot;:2,&quot;2&quot;:&quot;Ca\u0142kowicie nowy, wyczynowy rower szosowy, kt\u00f3ry zosta\u0142 zaprojektowany do krojenia wiatru, osi\u0105gaj\u0105c w ten spos\u00f3b mo\u017cliwie najwy\u017cszy poziom w segmencie rower\u00f3w aero.&quot;}\" data-sheets-userformat=\"{&quot;2&quot;:12735,&quot;3&quot;:{&quot;1&quot;:0,&quot;3&quot;:1},&quot;4&quot;:{&quot;1&quot;:2,&quot;2&quot;:16763904},&quot;5&quot;:{&quot;1&quot;:[{&quot;1&quot;:2,&quot;2&quot;:0,&quot;5&quot;:{&quot;1&quot;:0}},{&quot;1&quot;:0,&quot;2&quot;:0,&quot;3&quot;:3},{&quot;1&quot;:1,&quot;2&quot;:0,&quot;4&quot;:1}]},&quot;6&quot;:{&quot;1&quot;:[{&quot;1&quot;:2,&quot;2&quot;:0,&quot;5&quot;:{&quot;1&quot;:0}},{&quot;1&quot;:0,&quot;2&quot;:0,&quot;3&quot;:3},{&quot;1&quot;:1,&quot;2&quot;:0,&quot;4&quot;:1}]},&quot;7&quot;:{&quot;1&quot;:[{&quot;1&quot;:2,&quot;2&quot;:0,&quot;5&quot;:{&quot;1&quot;:0}},{&quot;1&quot;:0,&quot;2&quot;:0,&quot;3&quot;:3},{&quot;1&quot;:1,&quot;2&quot;:0,&quot;4&quot;:1}]},&quot;8&quot;:{&quot;1&quot;:[{&quot;1&quot;:2,&quot;2&quot;:0,&quot;5&quot;:{&quot;1&quot;:0}},{&quot;1&quot;:0,&quot;2&quot;:0,&quot;3&quot;:3},{&quot;1&quot;:1,&quot;2&quot;:0,&quot;4&quot;:1}]},&quot;10&quot;:2,&quot;11&quot;:0,&quot;15&quot;:&quot;Arial&quot;,&quot;16&quot;:10}\">Ca\u0142kowicie nowy, wyczynowy rower szosowy, kt\u00f3ry zosta\u0142 zaprojektowany do krojenia wiatru, osi\u0105gaj\u0105c w ten spos\u00f3b mo\u017cliwie najwy\u017cszy poziom w segmencie rower\u00f3w aero.<\/span><\/p>\n","protected":false},"featured_media":66387,"comment_status":"open","ping_status":"closed","template":"","meta":{"_editorskit_title_hidden":false,"_editorskit_reading_time":0,"_editorskit_is_block_options_detached":false,"_editorskit_block_options_position":"{}","_themeisle_gutenberg_block_has_review":false},"product_cat":[1074],"product_tag":[],"acf":[],"_links":{"self":[{"href":"https:\/\/www.polygonbikes.com\/pl\/wp-json\/wp\/v2\/product\/63692"}],"collection":[{"href":"https:\/\/www.polygonbikes.com\/pl\/wp-json\/wp\/v2\/product"}],"about":[{"href":"https:\/\/www.polygonbikes.com\/pl\/wp-json\/wp\/v2\/types\/product"}],"replies":[{"embeddable":true,"href":"https:\/\/www.polygonbikes.com\/pl\/wp-json\/wp\/v2\/comments?post=63692"}],"wp:featuredmedia":[{"embeddable":true,"href":"https:\/\/www.polygonbikes.com\/pl\/wp-json\/wp\/v2\/media\/66387"}],"wp:attachment":[{"href":"https:\/\/www.polygonbikes.com\/pl\/wp-json\/wp\/v2\/media?parent=63692"}],"wp:term":[{"taxonomy":"product_cat","embeddable":true,"href":"https:\/\/www.polygonbikes.com\/pl\/wp-json\/wp\/v2\/product_cat?post=63692"},{"taxonomy":"product_tag","embeddable":true,"href":"https:\/\/www.polygonbikes.com\/pl\/wp-json\/wp\/v2\/product_tag?post=63692"}],"curies":[{"name":"wp","href":"https:\/\/api.w.org\/{rel}","templated":true}]}}