{"id":63111,"date":"2021-11-01T11:30:45","date_gmt":"2021-11-01T04:30:45","guid":{"rendered":"https:\/\/www.polygonbikes.com\/relic20-2\/"},"modified":"2025-08-21T08:46:13","modified_gmt":"2025-08-21T01:46:13","slug":"relic20","status":"publish","type":"product","link":"https:\/\/www.polygonbikes.com\/pl\/relic20\/","title":{"rendered":"RELIC20"},"content":{"rendered":"<p>Celem Polygon jest tworzenie rower\u00f3w, na kt\u00f3rych b\u0119dzie je\u017adzi\u0142 ka\u017cdy. Obejmuje to tworzenie wysokiej jako\u015bci lekkich rower\u00f3w, kt\u00f3re s\u0105 bezpieczne dla m\u0142odszych rowerzyst\u00f3w. Rowery Polygon Youth s\u0105 starannie zaprojektowane z geometri\u0105 dla mniejszych rowerzyst\u00f3w i wysokiej jako\u015bci cz\u0119\u015bciami, kt\u00f3re s\u0105 zmniejszone, aby pasowa\u0142y do mniejszych rowerzyst\u00f3w. Seria Polygon Youth zosta\u0142a stworzona z my\u015bl\u0105 o tworzeniu rower\u00f3w dla ka\u017cdego dziecka, aby zapewni\u0107 przyjemne wra\u017cenia z jazdy i zapocz\u0105tkowa\u0107 przysz\u0142e przygody na swoich rowerach.<\/p>\n\n    <div class=\"xs_social_share_widget xs_share_url after_content \t\tmain_content  wslu-style-1 wslu-share-box-shaped wslu-fill-colored wslu-none wslu-share-horizontal wslu-theme-font-no wslu-main_content\">\n\n\t\t\n        <ul>\n\t\t\t        <\/ul>\n    <\/div> \n","protected":false},"excerpt":{"rendered":"<p>Zaprojektowany z geometri\u0105 dla mniejszych je\u017ad\u017ac\u00f3w.<\/p>\n","protected":false},"featured_media":63112,"comment_status":"open","ping_status":"closed","template":"","meta":{"_editorskit_title_hidden":false,"_editorskit_reading_time":0,"_editorskit_is_block_options_detached":false,"_editorskit_block_options_position":"{}","_themeisle_gutenberg_block_has_review":false},"product_cat":[1171,2964,1094],"product_tag":[],"acf":[],"_links":{"self":[{"href":"https:\/\/www.polygonbikes.com\/pl\/wp-json\/wp\/v2\/product\/63111"}],"collection":[{"href":"https:\/\/www.polygonbikes.com\/pl\/wp-json\/wp\/v2\/product"}],"about":[{"href":"https:\/\/www.polygonbikes.com\/pl\/wp-json\/wp\/v2\/types\/product"}],"replies":[{"embeddable":true,"href":"https:\/\/www.polygonbikes.com\/pl\/wp-json\/wp\/v2\/comments?post=63111"}],"wp:featuredmedia":[{"embeddable":true,"href":"https:\/\/www.polygonbikes.com\/pl\/wp-json\/wp\/v2\/media\/63112"}],"wp:attachment":[{"href":"https:\/\/www.polygonbikes.com\/pl\/wp-json\/wp\/v2\/media?parent=63111"}],"wp:term":[{"taxonomy":"product_cat","embeddable":true,"href":"https:\/\/www.polygonbikes.com\/pl\/wp-json\/wp\/v2\/product_cat?post=63111"},{"taxonomy":"product_tag","embeddable":true,"href":"https:\/\/www.polygonbikes.com\/pl\/wp-json\/wp\/v2\/product_tag?post=63111"}],"curies":[{"name":"wp","href":"https:\/\/api.w.org\/{rel}","templated":true}]}}