{"id":61416,"date":"2021-11-01T10:53:45","date_gmt":"2021-11-01T03:53:45","guid":{"rendered":"https:\/\/www.polygonbikes.com\/impression-ax-disc\/"},"modified":"2025-09-01T15:28:37","modified_gmt":"2025-09-01T08:28:37","slug":"impression-ax-disc","status":"publish","type":"product","link":"https:\/\/www.polygonbikes.com\/pl\/impression-ax-disc\/","title":{"rendered":"IMPRESSION AX DISC"},"content":{"rendered":"<p>Witamy na nowym poziomie zabawy i rado\u015bci! Model Polygon Impression AX jest stworzony dla par lub przyjaci\u00f3\u0142, kt\u00f3rzy pragn\u0105 czego\u015b nowego, aby wyr\u00f3wna\u0107 ich zwi\u0105zek! Zbudowany na aluminiowej ramie, Impression AX zosta\u0142 zaprojektowany z wyprostowan\u0105 pozycj\u0105, nisk\u0105 podstaw\u0105 i wytrzyma\u0142ymi 27,5-calowymi ko\u0142ami do rower\u00f3w g\u00f3rskich. Polygon Impression AX to idealny wyb\u00f3r dla rowerzyst\u00f3w, kt\u00f3rzy chc\u0105 dzieli\u0107 jeden rower podczas dojazd\u00f3w do pracy lub w czasie wolnym.<\/p>\n\n    <div class=\"xs_social_share_widget xs_share_url after_content \t\tmain_content  wslu-style-1 wslu-share-box-shaped wslu-fill-colored wslu-none wslu-share-horizontal wslu-theme-font-no wslu-main_content\">\n\n\t\t\n        <ul>\n\t\t\t        <\/ul>\n    <\/div> \n","protected":false},"excerpt":{"rendered":"<p>Stworzony dla pary lub przyjaci\u00f3\u0142, kt\u00f3rzy maj\u0105 ma\u0142o czasu na wsp\u00f3lne sp\u0119dzanie wolnego czasu.<\/p>\n","protected":false},"featured_media":61419,"comment_status":"closed","ping_status":"closed","template":"","meta":{"_editorskit_title_hidden":false,"_editorskit_reading_time":0,"_editorskit_is_block_options_detached":false,"_editorskit_block_options_position":"{}","_themeisle_gutenberg_block_has_review":false},"product_cat":[1074,1131,1540,1165],"product_tag":[],"acf":[],"_links":{"self":[{"href":"https:\/\/www.polygonbikes.com\/pl\/wp-json\/wp\/v2\/product\/61416"}],"collection":[{"href":"https:\/\/www.polygonbikes.com\/pl\/wp-json\/wp\/v2\/product"}],"about":[{"href":"https:\/\/www.polygonbikes.com\/pl\/wp-json\/wp\/v2\/types\/product"}],"replies":[{"embeddable":true,"href":"https:\/\/www.polygonbikes.com\/pl\/wp-json\/wp\/v2\/comments?post=61416"}],"wp:featuredmedia":[{"embeddable":true,"href":"https:\/\/www.polygonbikes.com\/pl\/wp-json\/wp\/v2\/media\/61419"}],"wp:attachment":[{"href":"https:\/\/www.polygonbikes.com\/pl\/wp-json\/wp\/v2\/media?parent=61416"}],"wp:term":[{"taxonomy":"product_cat","embeddable":true,"href":"https:\/\/www.polygonbikes.com\/pl\/wp-json\/wp\/v2\/product_cat?post=61416"},{"taxonomy":"product_tag","embeddable":true,"href":"https:\/\/www.polygonbikes.com\/pl\/wp-json\/wp\/v2\/product_tag?post=61416"}],"curies":[{"name":"wp","href":"https:\/\/api.w.org\/{rel}","templated":true}]}}