{"id":61405,"date":"2021-11-01T10:03:11","date_gmt":"2021-11-01T03:03:11","guid":{"rendered":"https:\/\/www.polygonbikes.com\/zenith-town-i3\/"},"modified":"2025-09-01T15:28:54","modified_gmt":"2025-09-01T08:28:54","slug":"zenith-town-i3","status":"publish","type":"product","link":"https:\/\/www.polygonbikes.com\/pl\/zenith-town-i3\/","title":{"rendered":"ZENITH TOWN-i3"},"content":{"rendered":"<p>Polygon Zenith Town to jeden z klasycznych rower\u00f3w Polygon, zbudowany tak, aby by\u0142 stabilny i \u0142atwy w prowadzeniu. Zenith Town jest gotowy do jazdy w dobrym stylu dzi\u0119ki mocnej aluminiowej ramie typu cruiser, zaprojektowanej tak, aby ustawi\u0107 rowerzyst\u0119 w wyprostowanej pozycji, przyku\u0107 uwag\u0119 wszystkich swoim klasycznym i eleganckim stylem i za\u0142atwi\u0107 sprawy razem z Tob\u0105.<\/p>\n\n    <div class=\"xs_social_share_widget xs_share_url after_content \t\tmain_content  wslu-style-1 wslu-share-box-shaped wslu-fill-colored wslu-none wslu-share-horizontal wslu-theme-font-no wslu-main_content\">\n\n\t\t\n        <ul>\n\t\t\t        <\/ul>\n    <\/div> \n","protected":false},"excerpt":{"rendered":"<p>Ten rower, kt\u00f3ry nigdy si\u0119 nie nudzi<\/p>\n","protected":false},"featured_media":68577,"comment_status":"closed","ping_status":"closed","template":"","meta":{"_editorskit_title_hidden":false,"_editorskit_reading_time":0,"_editorskit_is_block_options_detached":false,"_editorskit_block_options_position":"{}","_themeisle_gutenberg_block_has_review":false},"product_cat":[1131,1507,1167],"product_tag":[],"acf":[],"_links":{"self":[{"href":"https:\/\/www.polygonbikes.com\/pl\/wp-json\/wp\/v2\/product\/61405"}],"collection":[{"href":"https:\/\/www.polygonbikes.com\/pl\/wp-json\/wp\/v2\/product"}],"about":[{"href":"https:\/\/www.polygonbikes.com\/pl\/wp-json\/wp\/v2\/types\/product"}],"replies":[{"embeddable":true,"href":"https:\/\/www.polygonbikes.com\/pl\/wp-json\/wp\/v2\/comments?post=61405"}],"wp:featuredmedia":[{"embeddable":true,"href":"https:\/\/www.polygonbikes.com\/pl\/wp-json\/wp\/v2\/media\/68577"}],"wp:attachment":[{"href":"https:\/\/www.polygonbikes.com\/pl\/wp-json\/wp\/v2\/media?parent=61405"}],"wp:term":[{"taxonomy":"product_cat","embeddable":true,"href":"https:\/\/www.polygonbikes.com\/pl\/wp-json\/wp\/v2\/product_cat?post=61405"},{"taxonomy":"product_tag","embeddable":true,"href":"https:\/\/www.polygonbikes.com\/pl\/wp-json\/wp\/v2\/product_tag?post=61405"}],"curies":[{"name":"wp","href":"https:\/\/api.w.org\/{rel}","templated":true}]}}