{"id":61299,"date":"2021-11-01T10:02:14","date_gmt":"2021-11-01T03:02:14","guid":{"rendered":"https:\/\/www.polygonbikes.com\/sierra-ds-gent\/"},"modified":"2025-08-21T08:48:10","modified_gmt":"2025-08-21T01:48:10","slug":"sierra-ds-gent-2022","status":"publish","type":"product","link":"https:\/\/www.polygonbikes.com\/pl\/sierra-ds-gent-2022\/","title":{"rendered":"SIERRA DS GENT"},"content":{"rendered":"<p>Sierra Deluxe Sport to rower miejski w europejskim stylu, kt\u00f3ry jest wygodny i \u0142atwy w prowadzeniu. Ten rower jest wyposa\u017cony w lekk\u0105 ram\u0119 AL6 zaprojektowan\u0105 do wyprostowanej pozycji jazdy. Ten klasyczny rower jest wyposa\u017cony w b\u0142otniki przednie i tylne, baga\u017cnik tylny, os\u0142on\u0119 \u0142a\u0144cucha oraz przednie i tylne \u015bwiat\u0142a dla bezpiecze\u0144stwa w ka\u017cdych warunkach pogodowych. Bez wzgl\u0119du na to, ile czasu min\u0119\u0142o, odk\u0105d je\u017adzi\u0142e\u015b na rowerze; Sierra Deluxe Sport przypomni Ci o wolno\u015bci, jak\u0105 mo\u017ce zapewni\u0107 tylko rower.<\/p>\n\n    <div class=\"xs_social_share_widget xs_share_url after_content \t\tmain_content  wslu-style-1 wslu-share-box-shaped wslu-fill-colored wslu-none wslu-share-horizontal wslu-theme-font-no wslu-main_content\">\n\n\t\t\n        <ul>\n\t\t\t        <\/ul>\n    <\/div> \n","protected":false},"excerpt":{"rendered":"<p>Ten rower, kt\u00f3ry nigdy si\u0119 nie nudzi<\/p>\n","protected":false},"featured_media":61301,"comment_status":"closed","ping_status":"closed","template":"","meta":{"_editorskit_title_hidden":false,"_editorskit_reading_time":0,"_editorskit_is_block_options_detached":false,"_editorskit_block_options_position":"{}","_themeisle_gutenberg_block_has_review":false},"product_cat":[1074],"product_tag":[],"acf":[],"_links":{"self":[{"href":"https:\/\/www.polygonbikes.com\/pl\/wp-json\/wp\/v2\/product\/61299"}],"collection":[{"href":"https:\/\/www.polygonbikes.com\/pl\/wp-json\/wp\/v2\/product"}],"about":[{"href":"https:\/\/www.polygonbikes.com\/pl\/wp-json\/wp\/v2\/types\/product"}],"replies":[{"embeddable":true,"href":"https:\/\/www.polygonbikes.com\/pl\/wp-json\/wp\/v2\/comments?post=61299"}],"wp:featuredmedia":[{"embeddable":true,"href":"https:\/\/www.polygonbikes.com\/pl\/wp-json\/wp\/v2\/media\/61301"}],"wp:attachment":[{"href":"https:\/\/www.polygonbikes.com\/pl\/wp-json\/wp\/v2\/media?parent=61299"}],"wp:term":[{"taxonomy":"product_cat","embeddable":true,"href":"https:\/\/www.polygonbikes.com\/pl\/wp-json\/wp\/v2\/product_cat?post=61299"},{"taxonomy":"product_tag","embeddable":true,"href":"https:\/\/www.polygonbikes.com\/pl\/wp-json\/wp\/v2\/product_tag?post=61299"}],"curies":[{"name":"wp","href":"https:\/\/api.w.org\/{rel}","templated":true}]}}