{"id":61268,"date":"2021-11-01T11:12:23","date_gmt":"2021-11-01T04:12:23","guid":{"rendered":"https:\/\/www.polygonbikes.com\/path-3\/"},"modified":"2022-11-30T12:55:21","modified_gmt":"2022-11-30T05:55:21","slug":"path-3","status":"publish","type":"product","link":"https:\/\/www.polygonbikes.com\/pl\/path-3\/","title":{"rendered":"PATH 3"},"content":{"rendered":"<p>Polygon Path 3 to szybki rower u\u017cytkowy, kt\u00f3ry \u0142\u0105czy w sobie szybko\u015b\u0107, zwinno\u015b\u0107 i styl. Zaprojektowany przez po\u0142\u0105czenie wydajno\u015bci roweru szosowego z geometri\u0105 do codziennego dojazdu do pracy. Ten rower ma mocn\u0105 i lekk\u0105 ram\u0119 AL6, 27-biegowy uk\u0142ad nap\u0119dowy Shimano Acera \/ Altus, hydrauliczne hamulce tarczowe i opony 700x35c zapewniaj\u0105ce wygodn\u0105 jazd\u0119. Path 3 to idealny rower do towarzyskich przeja\u017cd\u017cek z przyjaci\u00f3\u0142mi lub unikania kork\u00f3w, aby zd\u0105\u017cy\u0107 na spotkanie.<\/p>\n\n    <div class=\"xs_social_share_widget xs_share_url after_content \t\tmain_content  wslu-style-1 wslu-share-box-shaped wslu-fill-colored wslu-none wslu-share-horizontal wslu-theme-font-no wslu-main_content\">\n\n\t\t\n        <ul>\n\t\t\t        <\/ul>\n    <\/div> \n","protected":false},"excerpt":{"rendered":"<p>\u201eUltimate Commuter Bike\u201d nigdy nie by\u0142 tak s\u0142usznie przyznany rowerowi.<\/p>\n","protected":false},"featured_media":61271,"comment_status":"open","ping_status":"closed","template":"","meta":{"_editorskit_title_hidden":false,"_editorskit_reading_time":0,"_editorskit_is_block_options_detached":false,"_editorskit_block_options_position":"{}","_themeisle_gutenberg_block_has_review":false},"product_cat":[1074],"product_tag":[],"acf":[],"_links":{"self":[{"href":"https:\/\/www.polygonbikes.com\/pl\/wp-json\/wp\/v2\/product\/61268"}],"collection":[{"href":"https:\/\/www.polygonbikes.com\/pl\/wp-json\/wp\/v2\/product"}],"about":[{"href":"https:\/\/www.polygonbikes.com\/pl\/wp-json\/wp\/v2\/types\/product"}],"replies":[{"embeddable":true,"href":"https:\/\/www.polygonbikes.com\/pl\/wp-json\/wp\/v2\/comments?post=61268"}],"wp:featuredmedia":[{"embeddable":true,"href":"https:\/\/www.polygonbikes.com\/pl\/wp-json\/wp\/v2\/media\/61271"}],"wp:attachment":[{"href":"https:\/\/www.polygonbikes.com\/pl\/wp-json\/wp\/v2\/media?parent=61268"}],"wp:term":[{"taxonomy":"product_cat","embeddable":true,"href":"https:\/\/www.polygonbikes.com\/pl\/wp-json\/wp\/v2\/product_cat?post=61268"},{"taxonomy":"product_tag","embeddable":true,"href":"https:\/\/www.polygonbikes.com\/pl\/wp-json\/wp\/v2\/product_tag?post=61268"}],"curies":[{"name":"wp","href":"https:\/\/api.w.org\/{rel}","templated":true}]}}