{"id":61211,"date":"2021-11-01T11:30:45","date_gmt":"2021-11-01T04:30:45","guid":{"rendered":"https:\/\/www.polygonbikes.com\/urbano-5\/"},"modified":"2025-08-20T14:47:40","modified_gmt":"2025-08-20T07:47:40","slug":"urbano-5","status":"publish","type":"product","link":"https:\/\/www.polygonbikes.com\/pl\/urbano-5\/","title":{"rendered":"URBANO 5"},"content":{"rendered":"<p>C\u00f3\u017c, wiemy, \u017ce w rozk\u0142adaniu jest satysfakcja i rado\u015b\u0107. Maj\u0105c to na uwadze, przedstawiamy rower rozk\u0142adany Urbano. Zbudowany z lekkiej ramy ALX, 20-calowych k\u00f3\u0142, pe\u0142nych b\u0142otnik\u00f3w, tylnego baga\u017cnika i mocnych hamulc\u00f3w. Polygon Urbano zosta\u0142 zaprojektowany, aby umie\u015bci\u0107 rowerzyst\u0119 w wyprostowanej pozycji do jazdy, poprawi\u0107 komfort i widoczno\u015b\u0107. Urbano powsta\u0142o z my\u015bl\u0105 o tych, kt\u00f3rzy szukaj\u0105 wyj\u0105tkowego, prostego i przeno\u015bnego roweru do prowadzenia aktywnego trybu \u017cycia. Roz\u0142\u00f3\u017c go, a rozwiniesz \u017cycie.<\/p>\n\n    <div class=\"xs_social_share_widget xs_share_url after_content \t\tmain_content  wslu-style-1 wslu-share-box-shaped wslu-fill-colored wslu-none wslu-share-horizontal wslu-theme-font-no wslu-main_content\">\n\n\t\t\n        <ul>\n\t\t\t        <\/ul>\n    <\/div> \n","protected":false},"excerpt":{"rendered":"<p>Kompaktowy rower miejski dla os\u00f3b doje\u017cd\u017caj\u0105cych do pracy.<\/p>\n","protected":false},"featured_media":61215,"comment_status":"open","ping_status":"closed","template":"","meta":{"_editorskit_title_hidden":false,"_editorskit_reading_time":0,"_editorskit_is_block_options_detached":false,"_editorskit_block_options_position":"{}","_themeisle_gutenberg_block_has_review":false},"product_cat":[1131,1165,1381],"product_tag":[2730],"acf":[],"_links":{"self":[{"href":"https:\/\/www.polygonbikes.com\/pl\/wp-json\/wp\/v2\/product\/61211"}],"collection":[{"href":"https:\/\/www.polygonbikes.com\/pl\/wp-json\/wp\/v2\/product"}],"about":[{"href":"https:\/\/www.polygonbikes.com\/pl\/wp-json\/wp\/v2\/types\/product"}],"replies":[{"embeddable":true,"href":"https:\/\/www.polygonbikes.com\/pl\/wp-json\/wp\/v2\/comments?post=61211"}],"wp:featuredmedia":[{"embeddable":true,"href":"https:\/\/www.polygonbikes.com\/pl\/wp-json\/wp\/v2\/media\/61215"}],"wp:attachment":[{"href":"https:\/\/www.polygonbikes.com\/pl\/wp-json\/wp\/v2\/media?parent=61211"}],"wp:term":[{"taxonomy":"product_cat","embeddable":true,"href":"https:\/\/www.polygonbikes.com\/pl\/wp-json\/wp\/v2\/product_cat?post=61211"},{"taxonomy":"product_tag","embeddable":true,"href":"https:\/\/www.polygonbikes.com\/pl\/wp-json\/wp\/v2\/product_tag?post=61211"}],"curies":[{"name":"wp","href":"https:\/\/api.w.org\/{rel}","templated":true}]}}