{"id":61132,"date":"2021-11-01T11:30:45","date_gmt":"2021-11-01T04:30:45","guid":{"rendered":"https:\/\/www.polygonbikes.com\/zeta-2\/"},"modified":"2025-09-01T13:51:43","modified_gmt":"2025-09-01T06:51:43","slug":"zeta-2","status":"publish","type":"product","link":"https:\/\/www.polygonbikes.com\/pl\/zeta-2\/","title":{"rendered":"ZETA 2"},"content":{"rendered":"<p style=\"text-align: justify;\">W prostocie jest pi\u0119kno. Polygon Mini Velo Zeta to stylowy, zabawny rower zbudowany na kompaktowych 20-calowych ko\u0142ach z mocnymi hamulcami, gotowy na b\u0142otniki i tylny baga\u017cnik. Idealny do jazdy po mie\u015bcie; jest \u0142atwy w prowadzeniu, a jednocze\u015bnie zapewnia zabaw\u0119 i styl.<\/p>\n\n    <div class=\"xs_social_share_widget xs_share_url after_content \t\tmain_content  wslu-style-1 wslu-share-box-shaped wslu-fill-colored wslu-none wslu-share-horizontal wslu-theme-font-no wslu-main_content\">\n\n\t\t\n        <ul>\n\t\t\t        <\/ul>\n    <\/div> \n","protected":false},"excerpt":{"rendered":"<p>Prosty i stylowy rower miejski dla os\u00f3b doje\u017cd\u017caj\u0105cych do pracy.<\/p>\n","protected":false},"featured_media":61136,"comment_status":"open","ping_status":"closed","template":"","meta":{"_editorskit_title_hidden":false,"_editorskit_reading_time":0,"_editorskit_is_block_options_detached":false,"_editorskit_block_options_position":"{}","_themeisle_gutenberg_block_has_review":false},"product_cat":[1074],"product_tag":[],"acf":[],"_links":{"self":[{"href":"https:\/\/www.polygonbikes.com\/pl\/wp-json\/wp\/v2\/product\/61132"}],"collection":[{"href":"https:\/\/www.polygonbikes.com\/pl\/wp-json\/wp\/v2\/product"}],"about":[{"href":"https:\/\/www.polygonbikes.com\/pl\/wp-json\/wp\/v2\/types\/product"}],"replies":[{"embeddable":true,"href":"https:\/\/www.polygonbikes.com\/pl\/wp-json\/wp\/v2\/comments?post=61132"}],"wp:featuredmedia":[{"embeddable":true,"href":"https:\/\/www.polygonbikes.com\/pl\/wp-json\/wp\/v2\/media\/61136"}],"wp:attachment":[{"href":"https:\/\/www.polygonbikes.com\/pl\/wp-json\/wp\/v2\/media?parent=61132"}],"wp:term":[{"taxonomy":"product_cat","embeddable":true,"href":"https:\/\/www.polygonbikes.com\/pl\/wp-json\/wp\/v2\/product_cat?post=61132"},{"taxonomy":"product_tag","embeddable":true,"href":"https:\/\/www.polygonbikes.com\/pl\/wp-json\/wp\/v2\/product_tag?post=61132"}],"curies":[{"name":"wp","href":"https:\/\/api.w.org\/{rel}","templated":true}]}}