{"id":61005,"date":"2021-04-03T10:56:49","date_gmt":"2021-04-03T03:56:49","guid":{"rendered":"https:\/\/www.polygonbikes.com\/heist-x5\/"},"modified":"2025-09-01T15:32:34","modified_gmt":"2025-09-01T08:32:34","slug":"heist-x5","status":"publish","type":"product","link":"https:\/\/www.polygonbikes.com\/pl\/heist-x5\/","title":{"rendered":"HEIST X5"},"content":{"rendered":"<p>Wprowadzaj\u0105c Heist X, dajemy Ci rower, kt\u00f3ry najlepiej sprawdzi si\u0119 w ka\u017cdym terenie miejskim i lekkim terenie. I tak, \u017cycie staje si\u0119 szybsze i trudniejsze, a Heist X jest tutaj \u2013 dzi\u0119ki 1x Groupset mo\u017cesz \u0142atwiej zmienia\u0107 biegi; niezawodne hydrauliczne hamulce tarczowe zapewniaj\u0105 szybkie zatrzymanie w ka\u017cdych warunkach i \u0142atwiejsz\u0105 konserwacj\u0119; zabierze Ci\u0119 tam, dok\u0105d zmierzasz, szybciej dzi\u0119ki oponie o niskim oporze toczenia. W miar\u0119 jak suniesz dalej, Heist X jest tutaj, aby zapewni\u0107 Ci najlepsze wra\u017cenia z jazdy.<\/p>\n\n    <div class=\"xs_social_share_widget xs_share_url after_content \t\tmain_content  wslu-style-1 wslu-share-box-shaped wslu-fill-colored wslu-none wslu-share-horizontal wslu-theme-font-no wslu-main_content\">\n\n\t\t\n        <ul>\n\t\t\t        <\/ul>\n    <\/div> \n","protected":false},"excerpt":{"rendered":"<p>Zaprojektowany najlepiej na wszelkie tereny miejskie i lekki teren.<\/p>\n","protected":false},"featured_media":61008,"comment_status":"open","ping_status":"closed","template":"","meta":{"_editorskit_title_hidden":false,"_editorskit_reading_time":0,"_editorskit_is_block_options_detached":false,"_editorskit_block_options_position":"{}","_themeisle_gutenberg_block_has_review":false},"product_cat":[1128,1129,1130],"product_tag":[],"acf":[],"_links":{"self":[{"href":"https:\/\/www.polygonbikes.com\/pl\/wp-json\/wp\/v2\/product\/61005"}],"collection":[{"href":"https:\/\/www.polygonbikes.com\/pl\/wp-json\/wp\/v2\/product"}],"about":[{"href":"https:\/\/www.polygonbikes.com\/pl\/wp-json\/wp\/v2\/types\/product"}],"replies":[{"embeddable":true,"href":"https:\/\/www.polygonbikes.com\/pl\/wp-json\/wp\/v2\/comments?post=61005"}],"wp:featuredmedia":[{"embeddable":true,"href":"https:\/\/www.polygonbikes.com\/pl\/wp-json\/wp\/v2\/media\/61008"}],"wp:attachment":[{"href":"https:\/\/www.polygonbikes.com\/pl\/wp-json\/wp\/v2\/media?parent=61005"}],"wp:term":[{"taxonomy":"product_cat","embeddable":true,"href":"https:\/\/www.polygonbikes.com\/pl\/wp-json\/wp\/v2\/product_cat?post=61005"},{"taxonomy":"product_tag","embeddable":true,"href":"https:\/\/www.polygonbikes.com\/pl\/wp-json\/wp\/v2\/product_tag?post=61005"}],"curies":[{"name":"wp","href":"https:\/\/api.w.org\/{rel}","templated":true}]}}