{"id":60952,"date":"2021-11-01T11:14:29","date_gmt":"2021-11-01T04:14:29","guid":{"rendered":"https:\/\/www.polygonbikes.com\/bend-r5\/"},"modified":"2025-09-01T15:26:28","modified_gmt":"2025-09-01T08:26:28","slug":"bend-r5","status":"publish","type":"product","link":"https:\/\/www.polygonbikes.com\/pl\/bend-r5\/","title":{"rendered":"BEND R5"},"content":{"rendered":"<p>Nic nie mo\u017ce si\u0119 r\u00f3wna\u0107 z poczuciem wolno\u015bci; swobodnie su\u0144 w dowolne mieje i zgub si\u0119. Przedstawiamy wi\u0119c nasz demoniczny szuter \u2014 Bend R. Zaprojektowany z my\u015bl\u0105 o przygodach na rowerze. Wyposa\u017cony w wy\u017csz\u0105 g\u0142\u00f3wk\u0119 ramy dla wi\u0119kszego komfortu i bardziej wyprostowanej pozycji podczas jazdy. Dzi\u0119ki rozszerzonemu dr\u0105\u017ckowi, nasz Bend R oferuje lepsz\u0105 aerodynamik\u0119 bez uszczerbku dla zdolno\u015bci radzenia sobie z rowerem w upadkach. Dzi\u0119ki naszemu widelcowi z w\u0142\u00f3kna w\u0119glowego i dodatkowemu prze\u015bwitowi na opony mo\u017cesz podr\u00f3\u017cowa\u0107 dalej w ka\u017cdym terenie. Ruszajmy dziko w dal wszystkie drogi s\u0105 twoje.<\/p>\n\n    <div class=\"xs_social_share_widget xs_share_url after_content \t\tmain_content  wslu-style-1 wslu-share-box-shaped wslu-fill-colored wslu-none wslu-share-horizontal wslu-theme-font-no wslu-main_content\">\n\n\t\t\n        <ul>\n\t\t\t        <\/ul>\n    <\/div> \n","protected":false},"excerpt":{"rendered":"<p>Zbudowany z my\u015bl\u0105 o przygodach na ma\u0142o ucz\u0119szczanych \u015bcie\u017ckach, pokonaj du\u017co kilometr\u00f3w, odkrywaj przygody I drogi le\u015bne<\/p>\n","protected":false},"featured_media":60955,"comment_status":"open","ping_status":"closed","template":"","meta":{"_editorskit_title_hidden":false,"_editorskit_reading_time":0,"_editorskit_is_block_options_detached":false,"_editorskit_block_options_position":"{}","_themeisle_gutenberg_block_has_review":false},"product_cat":[1128,1130],"product_tag":[],"acf":[],"_links":{"self":[{"href":"https:\/\/www.polygonbikes.com\/pl\/wp-json\/wp\/v2\/product\/60952"}],"collection":[{"href":"https:\/\/www.polygonbikes.com\/pl\/wp-json\/wp\/v2\/product"}],"about":[{"href":"https:\/\/www.polygonbikes.com\/pl\/wp-json\/wp\/v2\/types\/product"}],"replies":[{"embeddable":true,"href":"https:\/\/www.polygonbikes.com\/pl\/wp-json\/wp\/v2\/comments?post=60952"}],"wp:featuredmedia":[{"embeddable":true,"href":"https:\/\/www.polygonbikes.com\/pl\/wp-json\/wp\/v2\/media\/60955"}],"wp:attachment":[{"href":"https:\/\/www.polygonbikes.com\/pl\/wp-json\/wp\/v2\/media?parent=60952"}],"wp:term":[{"taxonomy":"product_cat","embeddable":true,"href":"https:\/\/www.polygonbikes.com\/pl\/wp-json\/wp\/v2\/product_cat?post=60952"},{"taxonomy":"product_tag","embeddable":true,"href":"https:\/\/www.polygonbikes.com\/pl\/wp-json\/wp\/v2\/product_tag?post=60952"}],"curies":[{"name":"wp","href":"https:\/\/api.w.org\/{rel}","templated":true}]}}