{"id":60868,"date":"2022-03-28T13:50:02","date_gmt":"2022-03-28T06:50:02","guid":{"rendered":"https:\/\/www.polygonbikes.com\/kalosi-lanes-evo-high-step\/"},"modified":"2025-08-21T08:35:36","modified_gmt":"2025-08-21T01:35:36","slug":"kalosi-lanes-evo-high-step-2022","status":"publish","type":"product","link":"https:\/\/www.polygonbikes.com\/pl\/kalosi-lanes-evo-high-step-2022\/","title":{"rendered":"KALOSI LANES EVO HIGH-STEP"},"content":{"rendered":"<p>Poprzez Kalosi Lanes Evo staramy si\u0119 inaczej do\u015bwiadczy\u0107 domu. Z \u0142atwo\u015bci\u0105 zabierze Ci\u0119 z punktu A do punktu B, zabierze Ci\u0119 do szybszego za\u0142atwiania spraw i przyniesie mn\u00f3stwo tlenu. Ten rower miejski jest wyposa\u017cony w amortyzowany widelec, kt\u00f3ry zapewnia p\u0142ynn\u0105 jazd\u0119, a jednocze\u015bnie przyspieszy dzi\u0119ki naszemu najnowszemu systemowi wspomagania peda\u0142owania.<\/p>\n\n    <div class=\"xs_social_share_widget xs_share_url after_content \t\tmain_content  wslu-style-1 wslu-share-box-shaped wslu-fill-colored wslu-none wslu-share-horizontal wslu-theme-font-no wslu-main_content\">\n\n\t\t\n        <ul>\n\t\t\t        <\/ul>\n    <\/div> \n","protected":false},"excerpt":{"rendered":"<p>Rower miejski z elementami elektrycznego wspomagania peda\u0142\u00f3w.<\/p>\n","protected":false},"featured_media":60877,"comment_status":"open","ping_status":"closed","template":"","meta":{"_editorskit_title_hidden":false,"_editorskit_reading_time":0,"_editorskit_is_block_options_detached":false,"_editorskit_block_options_position":"{}","_themeisle_gutenberg_block_has_review":false},"product_cat":[1074,1128,1130,1423,1169,2872],"product_tag":[],"acf":[],"_links":{"self":[{"href":"https:\/\/www.polygonbikes.com\/pl\/wp-json\/wp\/v2\/product\/60868"}],"collection":[{"href":"https:\/\/www.polygonbikes.com\/pl\/wp-json\/wp\/v2\/product"}],"about":[{"href":"https:\/\/www.polygonbikes.com\/pl\/wp-json\/wp\/v2\/types\/product"}],"replies":[{"embeddable":true,"href":"https:\/\/www.polygonbikes.com\/pl\/wp-json\/wp\/v2\/comments?post=60868"}],"wp:featuredmedia":[{"embeddable":true,"href":"https:\/\/www.polygonbikes.com\/pl\/wp-json\/wp\/v2\/media\/60877"}],"wp:attachment":[{"href":"https:\/\/www.polygonbikes.com\/pl\/wp-json\/wp\/v2\/media?parent=60868"}],"wp:term":[{"taxonomy":"product_cat","embeddable":true,"href":"https:\/\/www.polygonbikes.com\/pl\/wp-json\/wp\/v2\/product_cat?post=60868"},{"taxonomy":"product_tag","embeddable":true,"href":"https:\/\/www.polygonbikes.com\/pl\/wp-json\/wp\/v2\/product_tag?post=60868"}],"curies":[{"name":"wp","href":"https:\/\/api.w.org\/{rel}","templated":true}]}}