{"id":60785,"date":"2021-11-01T11:30:44","date_gmt":"2021-11-01T04:30:44","guid":{"rendered":"https:\/\/www.polygonbikes.com\/strattos-s2\/"},"modified":"2025-09-01T13:52:17","modified_gmt":"2025-09-01T06:52:17","slug":"strattos-s2","status":"publish","type":"product","link":"https:\/\/www.polygonbikes.com\/pl\/strattos-s2\/","title":{"rendered":"STRATTOS S2"},"content":{"rendered":"<p style=\"text-align: Justify;\">Rado\u015b\u0107, gdy naci\u015bniesz peda\u0142, wiatr p\u0119dzi wok\u00f3\u0142 ciebie i poczujesz, jak bicie twojego serca ro\u015bnie. Ca\u0142kowicie nowy Strattos S2 <a title=\"Rowery Szosowe\" href=\"https:\/\/www.polygonbikes.com\/pl\/szosowe\/\" target=\"_blank\" rel=\"noopener\" data-schema-attribute=\"about mentions\">Rowery Szosowe<\/a> wyznacza nowy spos\u00f3b do\u015bwiadczania drogi. Zaprojektowany z my\u015bl\u0105 o spokojnych, wielogodzinnych jazdach, Strattos poprawia komfort jazdy, bez uszczerbku dla wydajno\u015bci. Niezale\u017cnie od tego, czy chodzi o malownicz\u0105 przeja\u017cd\u017ck\u0119 z przyjaci\u00f3\u0142mi, czy te\u017c pe\u0142en adrenaliny wy\u015bcig wok\u00f3\u0142 bloku; Strattos to najlepszy przyjaciel, kt\u00f3ry zawsze jest gotowy do jazdy z tob\u0105.\u200b<\/p>\n\n    <div class=\"xs_social_share_widget xs_share_url after_content \t\tmain_content  wslu-style-1 wslu-share-box-shaped wslu-fill-colored wslu-none wslu-share-horizontal wslu-theme-font-no wslu-main_content\">\n\n\t\t\n        <ul>\n\t\t\t        <\/ul>\n    <\/div> \n","protected":false},"excerpt":{"rendered":"<p>Wszechstronny rower szosowy zbudowany na ramie ze stopu ALX i widelcu z w\u0142\u00f3kna w\u0119glowego, kt\u00f3ry definiuje nowy spos\u00f3b do\u015bwiadczania drogi<\/p>\n","protected":false},"featured_media":60792,"comment_status":"open","ping_status":"closed","template":"","meta":{"_editorskit_title_hidden":false,"_editorskit_reading_time":0,"_editorskit_is_block_options_detached":false,"_editorskit_block_options_position":"{}","_themeisle_gutenberg_block_has_review":false},"product_cat":[1074],"product_tag":[2818],"acf":[],"_links":{"self":[{"href":"https:\/\/www.polygonbikes.com\/pl\/wp-json\/wp\/v2\/product\/60785"}],"collection":[{"href":"https:\/\/www.polygonbikes.com\/pl\/wp-json\/wp\/v2\/product"}],"about":[{"href":"https:\/\/www.polygonbikes.com\/pl\/wp-json\/wp\/v2\/types\/product"}],"replies":[{"embeddable":true,"href":"https:\/\/www.polygonbikes.com\/pl\/wp-json\/wp\/v2\/comments?post=60785"}],"wp:featuredmedia":[{"embeddable":true,"href":"https:\/\/www.polygonbikes.com\/pl\/wp-json\/wp\/v2\/media\/60792"}],"wp:attachment":[{"href":"https:\/\/www.polygonbikes.com\/pl\/wp-json\/wp\/v2\/media?parent=60785"}],"wp:term":[{"taxonomy":"product_cat","embeddable":true,"href":"https:\/\/www.polygonbikes.com\/pl\/wp-json\/wp\/v2\/product_cat?post=60785"},{"taxonomy":"product_tag","embeddable":true,"href":"https:\/\/www.polygonbikes.com\/pl\/wp-json\/wp\/v2\/product_tag?post=60785"}],"curies":[{"name":"wp","href":"https:\/\/api.w.org\/{rel}","templated":true}]}}