{"id":60745,"date":"2021-11-01T11:31:54","date_gmt":"2021-11-01T04:31:54","guid":{"rendered":"https:\/\/www.polygonbikes.com\/strattos-s8-disc\/"},"modified":"2025-09-01T13:48:38","modified_gmt":"2025-09-01T06:48:38","slug":"strattos-s8d","status":"publish","type":"product","link":"https:\/\/www.polygonbikes.com\/pl\/strattos-s8d\/","title":{"rendered":"STRATTOS S8D"},"content":{"rendered":"<p style=\"text-align: Justify;\">Pozdrowienia dla je\u017ad\u017ac\u00f3w, kt\u00f3rzy po prostu nie maj\u0105 do\u015b\u0107! Nasz wszechstronny geniusz Strattos S8D Carbon szosowe zosta\u0142 zaprojektowany, aby towarzyszy\u0107 rowerzy\u015bcie podczas ka\u017cdej trasy \u2013 przekszta\u0142caj\u0105c nawet ostatni odcinek najd\u0142u\u017cszych przeja\u017cd\u017cek tak, aby by\u0142 r\u00f3wnie radosny, jak pocz\u0105tek ka\u017cdego nowego, \u015bwie\u017cego dnia. Przygotuj si\u0119 na w\u0119dr\u00f3wki po nowych terenach i prze\u0142amywanie swoich \u017cyciowych rekord\u00f3w, poniewa\u017c ten rower sprawi, \u017ce b\u0119dziesz m\u00f3g\u0142 d\u0142u\u017cej dawa\u0107 z siebie wszystko.\u200b<\/p>\n\n    <div class=\"xs_social_share_widget xs_share_url after_content \t\tmain_content  wslu-style-1 wslu-share-box-shaped wslu-fill-colored wslu-none wslu-share-horizontal wslu-theme-font-no wslu-main_content\">\n\n\t\t\n        <ul>\n\t\t\t        <\/ul>\n    <\/div> \n","protected":false},"excerpt":{"rendered":"<p>Wszechstronny rower szosowy zbudowany na ramie ACX zatwierdzonej przez UCI, kt\u00f3ra jest zadziwiaj\u0105co responsywna, p\u0142ynna i szybka<\/p>\n","protected":false},"featured_media":60750,"comment_status":"open","ping_status":"closed","template":"","meta":{"_editorskit_title_hidden":false,"_editorskit_reading_time":0,"_editorskit_is_block_options_detached":false,"_editorskit_block_options_position":"{}","_themeisle_gutenberg_block_has_review":false},"product_cat":[1074],"product_tag":[7226],"acf":[],"_links":{"self":[{"href":"https:\/\/www.polygonbikes.com\/pl\/wp-json\/wp\/v2\/product\/60745"}],"collection":[{"href":"https:\/\/www.polygonbikes.com\/pl\/wp-json\/wp\/v2\/product"}],"about":[{"href":"https:\/\/www.polygonbikes.com\/pl\/wp-json\/wp\/v2\/types\/product"}],"replies":[{"embeddable":true,"href":"https:\/\/www.polygonbikes.com\/pl\/wp-json\/wp\/v2\/comments?post=60745"}],"wp:featuredmedia":[{"embeddable":true,"href":"https:\/\/www.polygonbikes.com\/pl\/wp-json\/wp\/v2\/media\/60750"}],"wp:attachment":[{"href":"https:\/\/www.polygonbikes.com\/pl\/wp-json\/wp\/v2\/media?parent=60745"}],"wp:term":[{"taxonomy":"product_cat","embeddable":true,"href":"https:\/\/www.polygonbikes.com\/pl\/wp-json\/wp\/v2\/product_cat?post=60745"},{"taxonomy":"product_tag","embeddable":true,"href":"https:\/\/www.polygonbikes.com\/pl\/wp-json\/wp\/v2\/product_tag?post=60745"}],"curies":[{"name":"wp","href":"https:\/\/api.w.org\/{rel}","templated":true}]}}