{"id":60631,"date":"2021-11-01T10:01:45","date_gmt":"2021-11-01T03:01:45","guid":{"rendered":"https:\/\/www.polygonbikes.com\/razor-elite\/"},"modified":"2025-09-01T15:29:44","modified_gmt":"2025-09-01T08:29:44","slug":"razor-elite","status":"publish","type":"product","link":"https:\/\/www.polygonbikes.com\/pl\/razor-elite\/","title":{"rendered":"RAZOR ELITE"},"content":{"rendered":"<p>Wszystko, od jazdy po mie\u015bcie, przez kr\u00f3tkie przeja\u017cd\u017cki w terenie, po wy\u015bcigi BMX na pe\u0142nym torze. C\u00f3\u017c, wszystko, co przyspiesza bicie serca, jest prawdopodobnie najbardziej warte posiadania. Polygon Razor to rower BMX zaprojektowany, aby przyspiesza\u0107, gdy bramka opada, precyzyjnie pokonywa\u0107 zakr\u0119ty i \u0142apa\u0107 ty\u0142 dublet\u00f3w. Zbudowany na superlekkiej i responsywnej ramie, b\u0119dziesz mie\u0107 sw\u00f3j w\u0142asny styl. B\u0105d\u017a gotowy, aby odwr\u00f3ci\u0107 g\u0142owy wszystkich.<\/p>\n\n    <div class=\"xs_social_share_widget xs_share_url after_content \t\tmain_content  wslu-style-1 wslu-share-box-shaped wslu-fill-colored wslu-none wslu-share-horizontal wslu-theme-font-no wslu-main_content\">\n\n\t\t\n        <ul>\n\t\t\t        <\/ul>\n    <\/div> \n","protected":false},"excerpt":{"rendered":"<p>Zaprojektowany, aby przyspiesza\u0107 na starcie, precyzyjnie pokonywa\u0107 zakr\u0119ty i \u0142apa\u0107 ty\u0142 dublet\u00f3w<\/p>\n","protected":false},"featured_media":60634,"comment_status":"closed","ping_status":"closed","template":"","meta":{"_editorskit_title_hidden":false,"_editorskit_reading_time":0,"_editorskit_is_block_options_detached":false,"_editorskit_block_options_position":"{}","_themeisle_gutenberg_block_has_review":false},"product_cat":[1074],"product_tag":[],"acf":[],"_links":{"self":[{"href":"https:\/\/www.polygonbikes.com\/pl\/wp-json\/wp\/v2\/product\/60631"}],"collection":[{"href":"https:\/\/www.polygonbikes.com\/pl\/wp-json\/wp\/v2\/product"}],"about":[{"href":"https:\/\/www.polygonbikes.com\/pl\/wp-json\/wp\/v2\/types\/product"}],"replies":[{"embeddable":true,"href":"https:\/\/www.polygonbikes.com\/pl\/wp-json\/wp\/v2\/comments?post=60631"}],"wp:featuredmedia":[{"embeddable":true,"href":"https:\/\/www.polygonbikes.com\/pl\/wp-json\/wp\/v2\/media\/60634"}],"wp:attachment":[{"href":"https:\/\/www.polygonbikes.com\/pl\/wp-json\/wp\/v2\/media?parent=60631"}],"wp:term":[{"taxonomy":"product_cat","embeddable":true,"href":"https:\/\/www.polygonbikes.com\/pl\/wp-json\/wp\/v2\/product_cat?post=60631"},{"taxonomy":"product_tag","embeddable":true,"href":"https:\/\/www.polygonbikes.com\/pl\/wp-json\/wp\/v2\/product_tag?post=60631"}],"curies":[{"name":"wp","href":"https:\/\/api.w.org\/{rel}","templated":true}]}}