{"id":60590,"date":"2021-11-01T11:16:08","date_gmt":"2022-08-10T08:12:53","guid":{"rendered":"https:\/\/www.polygonbikes.com\/?post_type=product&#038;p=60590"},"modified":"2025-09-01T15:25:39","modified_gmt":"2025-09-01T08:25:39","slug":"trid-zz","status":"publish","type":"product","link":"https:\/\/www.polygonbikes.com\/pl\/trid-zz\/","title":{"rendered":"TRID ZZ"},"content":{"rendered":"<p>Po kilku latach test\u00f3w i prac rozwojowych we wsp\u00f3\u0142pracy z Samem Reynoldsem i Kurtem Sorge, z rado\u015bci\u0105 przedstawiamy nasz d\u0142ugo oczekiwany rower Slope Style \u2013 Trid ZZ. Specjalnie zaprojektowana rama ze stopu ALX posiada ultra sztywn\u0105, 69-stopniow\u0105, zw\u0119\u017caj\u0105c\u0105 si\u0119 g\u0142\u00f3wk\u0119 ramy z 426mm zasi\u0119giem i nisk\u0105 331mm wysoko\u015bci\u0105 suportu. Gwintowany suport i bardzo niski przekrok oznaczaj\u0105, \u017ce ten rower jest gotowy na wszystkie tricki. Rower jest wyposa\u017cony w widelec RockShox Pike DJ o skoku 100 mm i tylny amortyzator Rockshox Monarch, 7-biegowy nap\u0119d SRAM GX DH i hydrauliczne hamulce tarczowe SRAM. Manetki s\u0105 standardowo montowane na kierownicy, ale w razie potrzeby mo\u017cna je \u0142atwo przenie\u015b\u0107 na rur\u0119 doln\u0105.<\/p>\n\n    <div class=\"xs_social_share_widget xs_share_url after_content \t\tmain_content  wslu-style-1 wslu-share-box-shaped wslu-fill-colored wslu-none wslu-share-horizontal wslu-theme-font-no wslu-main_content\">\n\n\t\t\n        <ul>\n\t\t\t        <\/ul>\n    <\/div> \n","protected":false},"excerpt":{"rendered":"<p>Expect from a top of the line Dirt Jumper.<\/p>\n","protected":false},"featured_media":60593,"comment_status":"open","ping_status":"closed","template":"","meta":{"_editorskit_title_hidden":false,"_editorskit_reading_time":0,"_editorskit_is_block_options_detached":false,"_editorskit_block_options_position":"{}","_themeisle_gutenberg_block_has_review":false},"product_cat":[1074,1152,1156,1471],"product_tag":[7223,7222],"acf":[],"_links":{"self":[{"href":"https:\/\/www.polygonbikes.com\/pl\/wp-json\/wp\/v2\/product\/60590"}],"collection":[{"href":"https:\/\/www.polygonbikes.com\/pl\/wp-json\/wp\/v2\/product"}],"about":[{"href":"https:\/\/www.polygonbikes.com\/pl\/wp-json\/wp\/v2\/types\/product"}],"replies":[{"embeddable":true,"href":"https:\/\/www.polygonbikes.com\/pl\/wp-json\/wp\/v2\/comments?post=60590"}],"wp:featuredmedia":[{"embeddable":true,"href":"https:\/\/www.polygonbikes.com\/pl\/wp-json\/wp\/v2\/media\/60593"}],"wp:attachment":[{"href":"https:\/\/www.polygonbikes.com\/pl\/wp-json\/wp\/v2\/media?parent=60590"}],"wp:term":[{"taxonomy":"product_cat","embeddable":true,"href":"https:\/\/www.polygonbikes.com\/pl\/wp-json\/wp\/v2\/product_cat?post=60590"},{"taxonomy":"product_tag","embeddable":true,"href":"https:\/\/www.polygonbikes.com\/pl\/wp-json\/wp\/v2\/product_tag?post=60590"}],"curies":[{"name":"wp","href":"https:\/\/api.w.org\/{rel}","templated":true}]}}