{"id":60564,"date":"2021-11-01T11:16:08","date_gmt":"2021-11-01T04:16:08","guid":{"rendered":"https:\/\/www.polygonbikes.com\/trid\/"},"modified":"2025-09-01T15:24:51","modified_gmt":"2025-09-01T08:24:51","slug":"trid","status":"publish","type":"product","link":"https:\/\/www.polygonbikes.com\/pl\/trid\/","title":{"rendered":"TRID"},"content":{"rendered":"<p>Zaprojektowany, przetestowany i dopracowany przez samego Sama Reynoldsa, nowy Polygon Trid 2018 kontynuuje udan\u0105 formu\u0142\u0119, \u0142\u0105cz\u0105c odporn\u0105 ram\u0119 ze stopu z arkuszem specyfikacji, na kt\u00f3rych mo\u017cesz polega\u0107. Sprawdzona rama AL6 Alloy jest wyposa\u017cona we wszystkie technologie i funkcje, kt\u00f3rych oczekujesz od topowego Dirt Jumpera. Zw\u0119\u017cana g\u0142\u00f3wka ramy, kr\u00f3tkie dolne rury tylnego tr\u00f3jk\u0105ta, poziome haki i szerokie rury ramy &#8211; wszystko dla lepszej sztywno\u015bci.<\/p>\n\n    <div class=\"xs_social_share_widget xs_share_url after_content \t\tmain_content  wslu-style-1 wslu-share-box-shaped wslu-fill-colored wslu-none wslu-share-horizontal wslu-theme-font-no wslu-main_content\">\n\n\t\t\n        <ul>\n\t\t\t        <\/ul>\n    <\/div> \n","protected":false},"excerpt":{"rendered":"<p>Najwi\u0119cej szcz\u0119\u015bcia jest na szczycie.<\/p>\n","protected":false},"featured_media":60567,"comment_status":"open","ping_status":"closed","template":"","meta":{"_editorskit_title_hidden":false,"_editorskit_reading_time":0,"_editorskit_is_block_options_detached":false,"_editorskit_block_options_position":"{}","_themeisle_gutenberg_block_has_review":false},"product_cat":[1074,1152,1154,1453],"product_tag":[7223],"acf":[],"_links":{"self":[{"href":"https:\/\/www.polygonbikes.com\/pl\/wp-json\/wp\/v2\/product\/60564"}],"collection":[{"href":"https:\/\/www.polygonbikes.com\/pl\/wp-json\/wp\/v2\/product"}],"about":[{"href":"https:\/\/www.polygonbikes.com\/pl\/wp-json\/wp\/v2\/types\/product"}],"replies":[{"embeddable":true,"href":"https:\/\/www.polygonbikes.com\/pl\/wp-json\/wp\/v2\/comments?post=60564"}],"wp:featuredmedia":[{"embeddable":true,"href":"https:\/\/www.polygonbikes.com\/pl\/wp-json\/wp\/v2\/media\/60567"}],"wp:attachment":[{"href":"https:\/\/www.polygonbikes.com\/pl\/wp-json\/wp\/v2\/media?parent=60564"}],"wp:term":[{"taxonomy":"product_cat","embeddable":true,"href":"https:\/\/www.polygonbikes.com\/pl\/wp-json\/wp\/v2\/product_cat?post=60564"},{"taxonomy":"product_tag","embeddable":true,"href":"https:\/\/www.polygonbikes.com\/pl\/wp-json\/wp\/v2\/product_tag?post=60564"}],"curies":[{"name":"wp","href":"https:\/\/api.w.org\/{rel}","templated":true}]}}