{"id":60535,"date":"2021-11-10T17:48:40","date_gmt":"2021-11-10T10:48:40","guid":{"rendered":"https:\/\/www.polygonbikes.com\/cascade-4\/"},"modified":"2025-09-01T13:34:54","modified_gmt":"2025-09-01T06:34:54","slug":"cascade-4","status":"publish","type":"product","link":"https:\/\/www.polygonbikes.com\/pl\/cascade-4\/","title":{"rendered":"CASCADE 4"},"content":{"rendered":"<p style=\"text-align: Justify;\">Je\u015bli w weekendy planujesz je\u017adzi\u0107 rekreacyjnie i poczu\u0107 g\u00f3ry. Cascade 4 <a title=\"Mountain Bike (MTB)\" href=\"https:\/\/www.polygonbikes.com\/pl\/mtb-pl\/\" target=\"_blank\" rel=\"noopener\" data-schema-attribute=\"about mentions\">MTB<\/a> jest zbudowany na lekkiej i wytrzyma\u0142ej ramie AL6 z nowoczesn\u0105 geometri\u0105, kt\u00f3ra zapewnia wygodniejsz\u0105 jazd\u0119. Specyfikacja komponent\u00f3w obejmuje: 27,5-calowe ko\u0142a zapewniaj\u0105ce mniejszy op\u00f3r toczenia, amortyzowany widelec o skoku 100 mm, kt\u00f3ry wyg\u0142adza nier\u00f3wno\u015bci podczas jazdy oraz hamulce tarczowe, aby utrzyma\u0107 kontrol\u0119. Pokochaj g\u00f3ry jeszcze bardziej.<\/p>\n\n    <div class=\"xs_social_share_widget xs_share_url after_content \t\tmain_content  wslu-style-1 wslu-share-box-shaped wslu-fill-colored wslu-none wslu-share-horizontal wslu-theme-font-no wslu-main_content\">\n\n\t\t\n        <ul>\n\t\t\t        <\/ul>\n    <\/div> \n","protected":false},"excerpt":{"rendered":"<p>Tutaj zaczyna si\u0119 droga w g\u00f3ry<\/p>\n","protected":false},"featured_media":60538,"comment_status":"open","ping_status":"closed","template":"","meta":{"_editorskit_title_hidden":false,"_editorskit_reading_time":0,"_editorskit_is_block_options_detached":false,"_editorskit_block_options_position":"{}","_themeisle_gutenberg_block_has_review":false},"product_cat":[1142],"product_tag":[7476,7217],"acf":[],"_links":{"self":[{"href":"https:\/\/www.polygonbikes.com\/pl\/wp-json\/wp\/v2\/product\/60535"}],"collection":[{"href":"https:\/\/www.polygonbikes.com\/pl\/wp-json\/wp\/v2\/product"}],"about":[{"href":"https:\/\/www.polygonbikes.com\/pl\/wp-json\/wp\/v2\/types\/product"}],"replies":[{"embeddable":true,"href":"https:\/\/www.polygonbikes.com\/pl\/wp-json\/wp\/v2\/comments?post=60535"}],"wp:featuredmedia":[{"embeddable":true,"href":"https:\/\/www.polygonbikes.com\/pl\/wp-json\/wp\/v2\/media\/60538"}],"wp:attachment":[{"href":"https:\/\/www.polygonbikes.com\/pl\/wp-json\/wp\/v2\/media?parent=60535"}],"wp:term":[{"taxonomy":"product_cat","embeddable":true,"href":"https:\/\/www.polygonbikes.com\/pl\/wp-json\/wp\/v2\/product_cat?post=60535"},{"taxonomy":"product_tag","embeddable":true,"href":"https:\/\/www.polygonbikes.com\/pl\/wp-json\/wp\/v2\/product_tag?post=60535"}],"curies":[{"name":"wp","href":"https:\/\/api.w.org\/{rel}","templated":true}]}}