{"id":60426,"date":"2021-11-01T11:31:53","date_gmt":"2021-11-01T04:31:53","guid":{"rendered":"https:\/\/www.polygonbikes.com\/xtrada-7\/"},"modified":"2025-09-01T13:49:24","modified_gmt":"2025-09-01T06:49:24","slug":"xtrada-7-2023","status":"publish","type":"product","link":"https:\/\/www.polygonbikes.com\/pl\/xtrada-7-2023\/","title":{"rendered":"XTRADA 7"},"content":{"rendered":"<p>Xtrada jest wszechstronnym rowerem g\u00f3rskim, kt\u00f3ry nadaje si\u0119 do jazdy w ka\u017cdym terenie. Bez wzgl\u0119du na to, czy zechcesz go u\u017cywa\u0107 na swoim ulubionym singlu w lesie, czy po prostu na dojazd do pracy, mo\u017cesz mie\u0107 pewno\u015b\u0107, \u017ce sprawdzi si\u0119 znakomicie.<\/p>\n\n    <div class=\"xs_social_share_widget xs_share_url after_content \t\tmain_content  wslu-style-1 wslu-share-box-shaped wslu-fill-colored wslu-none wslu-share-horizontal wslu-theme-font-no wslu-main_content\">\n\n\t\t\n        <ul>\n\t\t\t        <\/ul>\n    <\/div> \n","protected":false},"excerpt":{"rendered":"<p>Urodzony, by przemierza\u0107 pojedyncze tory i nieko\u0144cz\u0105ce si\u0119 kilometry.<\/p>\n","protected":false},"featured_media":60429,"comment_status":"open","ping_status":"closed","template":"","meta":{"_editorskit_title_hidden":false,"_editorskit_reading_time":0,"_editorskit_is_block_options_detached":false,"_editorskit_block_options_position":"{}","_themeisle_gutenberg_block_has_review":false},"product_cat":[1142,1146,1265],"product_tag":[],"acf":[],"_links":{"self":[{"href":"https:\/\/www.polygonbikes.com\/pl\/wp-json\/wp\/v2\/product\/60426"}],"collection":[{"href":"https:\/\/www.polygonbikes.com\/pl\/wp-json\/wp\/v2\/product"}],"about":[{"href":"https:\/\/www.polygonbikes.com\/pl\/wp-json\/wp\/v2\/types\/product"}],"replies":[{"embeddable":true,"href":"https:\/\/www.polygonbikes.com\/pl\/wp-json\/wp\/v2\/comments?post=60426"}],"wp:featuredmedia":[{"embeddable":true,"href":"https:\/\/www.polygonbikes.com\/pl\/wp-json\/wp\/v2\/media\/60429"}],"wp:attachment":[{"href":"https:\/\/www.polygonbikes.com\/pl\/wp-json\/wp\/v2\/media?parent=60426"}],"wp:term":[{"taxonomy":"product_cat","embeddable":true,"href":"https:\/\/www.polygonbikes.com\/pl\/wp-json\/wp\/v2\/product_cat?post=60426"},{"taxonomy":"product_tag","embeddable":true,"href":"https:\/\/www.polygonbikes.com\/pl\/wp-json\/wp\/v2\/product_tag?post=60426"}],"curies":[{"name":"wp","href":"https:\/\/api.w.org\/{rel}","templated":true}]}}