{"id":59790,"date":"2022-07-25T14:24:50","date_gmt":"2022-07-25T07:24:50","guid":{"rendered":"https:\/\/www.polygonbikes.com\/siskiu-dse\/"},"modified":"2025-09-01T13:31:08","modified_gmt":"2025-09-01T06:31:08","slug":"siskiu-dse","status":"publish","type":"product","link":"https:\/\/www.polygonbikes.com\/pl\/siskiu-dse\/","title":{"rendered":"SISKIU DSE"},"content":{"rendered":"<p><span data-sheets-value=\"{&quot;1&quot;:2,&quot;2&quot;:&quot;Dzi\u0119ki nowoczesnej geometrii; sp\u0142aszczony k\u0105t g\u0142\u00f3wki oraz wi\u0119kszy zasi\u0119g i bardziej strome pochylenie sztycy siod\u0142a, sprawia, \u017ce seria Polygon Siskiu D jest niewiarygodnie skuteczna dla rowerzyst\u00f3w, kt\u00f3rzy chc\u0105 zmierzy\u0107 si\u0119 z jazd\u0105 XC z pewn\u0105 agresj\u0105. Anti-squat zosta\u0142 zoptymalizowany pod k\u0105tem wydajno\u015bci peda\u0142owania, a zawieszenie jest bardziej progresywne, gdy szlak staje si\u0119 nier\u00f3wny. Poprawili\u015bmy przekazywanie mocy na ramie, umo\u017cliwiaj\u0105c wspinanie si\u0119 po platformie Siskiu D jak hardtail bez zast\u0119powania komfortu lub przyczepno\u015bci. Zjazdy s\u0105 jeszcze lepsze, gdy lubisz wspinaczk\u0119.&quot;}\" data-sheets-userformat=\"{&quot;2&quot;:13247,&quot;3&quot;:{&quot;1&quot;:0},&quot;4&quot;:{&quot;1&quot;:2,&quot;2&quot;:16763904},&quot;5&quot;:{&quot;1&quot;:[{&quot;1&quot;:2,&quot;2&quot;:0,&quot;5&quot;:{&quot;1&quot;:0}},{&quot;1&quot;:0,&quot;2&quot;:0,&quot;3&quot;:3},{&quot;1&quot;:1,&quot;2&quot;:0,&quot;4&quot;:1}]},&quot;6&quot;:{&quot;1&quot;:[{&quot;1&quot;:2,&quot;2&quot;:0,&quot;5&quot;:{&quot;1&quot;:0}},{&quot;1&quot;:0,&quot;2&quot;:0,&quot;3&quot;:3},{&quot;1&quot;:1,&quot;2&quot;:0,&quot;4&quot;:1}]},&quot;7&quot;:{&quot;1&quot;:[{&quot;1&quot;:2,&quot;2&quot;:0,&quot;5&quot;:{&quot;1&quot;:0}},{&quot;1&quot;:0,&quot;2&quot;:0,&quot;3&quot;:3},{&quot;1&quot;:1,&quot;2&quot;:0,&quot;4&quot;:1}]},&quot;8&quot;:{&quot;1&quot;:[{&quot;1&quot;:2,&quot;2&quot;:0,&quot;5&quot;:{&quot;1&quot;:0}},{&quot;1&quot;:0,&quot;2&quot;:0,&quot;3&quot;:3},{&quot;1&quot;:1,&quot;2&quot;:0,&quot;4&quot;:1}]},&quot;10&quot;:0,&quot;11&quot;:4,&quot;12&quot;:0,&quot;15&quot;:&quot;Arial&quot;,&quot;16&quot;:10}\">Dzi\u0119ki nowoczesnej geometrii; sp\u0142aszczony k\u0105t g\u0142\u00f3wki oraz wi\u0119kszy zasi\u0119g i bardziej strome pochylenie sztycy siod\u0142a, sprawia, \u017ce seria Polygon Siskiu D jest niewiarygodnie skuteczna dla rowerzyst\u00f3w, kt\u00f3rzy chc\u0105 zmierzy\u0107 si\u0119 z jazd\u0105 XC z pewn\u0105 agresj\u0105. Anti-squat zosta\u0142 zoptymalizowany pod k\u0105tem wydajno\u015bci peda\u0142owania, a zawieszenie jest bardziej progresywne, gdy szlak staje si\u0119 nier\u00f3wny. Poprawili\u015bmy przekazywanie mocy na ramie, umo\u017cliwiaj\u0105c wspinanie si\u0119 po platformie Siskiu D jak hardtail bez zast\u0119powania komfortu lub przyczepno\u015bci. Zjazdy s\u0105 jeszcze lepsze, gdy lubisz wspinaczk\u0119.<\/span><\/p>\n\n    <div class=\"xs_social_share_widget xs_share_url after_content \t\tmain_content  wslu-style-1 wslu-share-box-shaped wslu-fill-colored wslu-none wslu-share-horizontal wslu-theme-font-no wslu-main_content\">\n\n\t\t\n        <ul>\n\t\t\t        <\/ul>\n    <\/div> \n","protected":false},"excerpt":{"rendered":"<p>Dzi\u0119ki nowoczesnej geometrii; sp\u0142aszczony k\u0105t g\u0142\u00f3wki oraz wi\u0119kszy zasi\u0119g i bardziej strome pochylenie sztycy siod\u0142a, sprawia, \u017ce seria Polygon Siskiu D jest niewiarygodnie skuteczna dla rowerzyst\u00f3w, kt\u00f3rzy chc\u0105 zmierzy\u0107 si\u0119&#8230;<\/p>\n","protected":false},"featured_media":59795,"comment_status":"open","ping_status":"closed","template":"","meta":{"_editorskit_title_hidden":false,"_editorskit_reading_time":0,"_editorskit_is_block_options_detached":false,"_editorskit_block_options_position":"{}","_themeisle_gutenberg_block_has_review":false},"product_cat":[1074,1142,1148,1146,1199],"product_tag":[],"acf":[],"_links":{"self":[{"href":"https:\/\/www.polygonbikes.com\/pl\/wp-json\/wp\/v2\/product\/59790"}],"collection":[{"href":"https:\/\/www.polygonbikes.com\/pl\/wp-json\/wp\/v2\/product"}],"about":[{"href":"https:\/\/www.polygonbikes.com\/pl\/wp-json\/wp\/v2\/types\/product"}],"replies":[{"embeddable":true,"href":"https:\/\/www.polygonbikes.com\/pl\/wp-json\/wp\/v2\/comments?post=59790"}],"wp:featuredmedia":[{"embeddable":true,"href":"https:\/\/www.polygonbikes.com\/pl\/wp-json\/wp\/v2\/media\/59795"}],"wp:attachment":[{"href":"https:\/\/www.polygonbikes.com\/pl\/wp-json\/wp\/v2\/media?parent=59790"}],"wp:term":[{"taxonomy":"product_cat","embeddable":true,"href":"https:\/\/www.polygonbikes.com\/pl\/wp-json\/wp\/v2\/product_cat?post=59790"},{"taxonomy":"product_tag","embeddable":true,"href":"https:\/\/www.polygonbikes.com\/pl\/wp-json\/wp\/v2\/product_tag?post=59790"}],"curies":[{"name":"wp","href":"https:\/\/api.w.org\/{rel}","templated":true}]}}