{"id":19577,"date":"2021-11-02T10:01:45","date_gmt":"2021-11-02T03:01:45","guid":{"rendered":"https:\/\/www.polygonbikes.com\/rudge-3\/"},"modified":"2025-09-01T13:37:57","modified_gmt":"2025-09-01T06:37:57","slug":"rudge-3-2020","status":"publish","type":"product","link":"https:\/\/www.polygonbikes.com\/pl\/rudge-3-2020\/","title":{"rendered":"RUDGE 3"},"content":{"rendered":"<p style=\"text-align: Justify;\">Tak, dzieci s\u0105 ciekawe; uwielbiaj\u0105 odkrywa\u0107. Niema nic bardziej magicznego, ni\u017c rozbudzanie dzieci\u0119cej ciekawo\u015bci. Polygon Rudge \u2013 niedrogi i wytrzyma\u0142y rower, zaprojektowany z my\u015bl\u0105 o Twoich dzieci w parku lub na ulicy. B\u0119dziesz sp\u0119dza\u0107 wi\u0119cej czasu na je\u017adzie ze swoim dzieckiem i obserwowa\u0107, jak rozwija swoje do\u015bwiadczenie.<\/p>\n\n    <div class=\"xs_social_share_widget xs_share_url after_content \t\tmain_content  wslu-style-1 wslu-share-box-shaped wslu-fill-colored wslu-none wslu-share-horizontal wslu-theme-font-no wslu-main_content\">\n\n\t\t\n        <ul>\n\t\t\t        <\/ul>\n    <\/div> \n","protected":false},"excerpt":{"rendered":"<p>Zaprojektowany do skateparku i wykr\u0119cania \u0107wier\u0107obrot\u00f3w.<\/p>\n","protected":false},"featured_media":66178,"comment_status":"closed","ping_status":"closed","template":"","meta":{"_editorskit_title_hidden":false,"_editorskit_reading_time":0,"_editorskit_is_block_options_detached":false,"_editorskit_block_options_position":"{}","_themeisle_gutenberg_block_has_review":false},"product_cat":[1074],"product_tag":[7189],"acf":[],"_links":{"self":[{"href":"https:\/\/www.polygonbikes.com\/pl\/wp-json\/wp\/v2\/product\/19577"}],"collection":[{"href":"https:\/\/www.polygonbikes.com\/pl\/wp-json\/wp\/v2\/product"}],"about":[{"href":"https:\/\/www.polygonbikes.com\/pl\/wp-json\/wp\/v2\/types\/product"}],"replies":[{"embeddable":true,"href":"https:\/\/www.polygonbikes.com\/pl\/wp-json\/wp\/v2\/comments?post=19577"}],"wp:featuredmedia":[{"embeddable":true,"href":"https:\/\/www.polygonbikes.com\/pl\/wp-json\/wp\/v2\/media\/66178"}],"wp:attachment":[{"href":"https:\/\/www.polygonbikes.com\/pl\/wp-json\/wp\/v2\/media?parent=19577"}],"wp:term":[{"taxonomy":"product_cat","embeddable":true,"href":"https:\/\/www.polygonbikes.com\/pl\/wp-json\/wp\/v2\/product_cat?post=19577"},{"taxonomy":"product_tag","embeddable":true,"href":"https:\/\/www.polygonbikes.com\/pl\/wp-json\/wp\/v2\/product_tag?post=19577"}],"curies":[{"name":"wp","href":"https:\/\/api.w.org\/{rel}","templated":true}]}}