{"id":18857,"date":"2021-11-12T18:34:45","date_gmt":"2021-11-12T11:34:45","guid":{"rendered":"https:\/\/www.polygonbikes.com\/siskiu-n9\/"},"modified":"2025-09-01T13:34:46","modified_gmt":"2025-09-01T06:34:46","slug":"siskiu-n9","status":"publish","type":"product","link":"https:\/\/www.polygonbikes.com\/pl\/siskiu-n9\/","title":{"rendered":"SISKIU N9"},"content":{"rendered":"<p>Po\u0142\u0105czenie cz\u0119\u015bci, pasji i technologii projektowej, kt\u00f3ra poradzi sobie w najbardziej wymagaj\u0105cych warunkach. Agresywny, zwinny i szybki rower dla tych, kt\u00f3rzy chc\u0105 pokona\u0107 swoje osobiste ograniczenia w g\u00f3rach. Wyposa\u017cony w bezproblemowy i wytrzyma\u0142y nap\u0119d 1x, kt\u00f3ry jeszcze bardziej poprawia osi\u0105gi. T\u0119 kombinacj\u0119 daj\u0105 rower, kt\u00f3ry nie idzie na \u017cadne kompromisy; wydajny podczas peda\u0142owania pod g\u00f3r\u0119, precyzyjny w prowadzeniu i niezawodny w pokonaniu wszelkich zjazd\u00f3w.<\/p>\n\n    <div class=\"xs_social_share_widget xs_share_url after_content \t\tmain_content  wslu-style-1 wslu-share-box-shaped wslu-fill-colored wslu-none wslu-share-horizontal wslu-theme-font-no wslu-main_content\">\n\n\t\t\n        <ul>\n\t\t\t        <\/ul>\n    <\/div> \n","protected":false},"excerpt":{"rendered":"<p>Masywna maszyna, kt\u00f3ra pokonuje ka\u017cdy najbardziej stromy teren<\/p>\n","protected":false},"featured_media":59650,"comment_status":"open","ping_status":"closed","template":"","meta":{"_editorskit_title_hidden":false,"_editorskit_reading_time":0,"_editorskit_is_block_options_detached":false,"_editorskit_block_options_position":"{}","_themeisle_gutenberg_block_has_review":false},"product_cat":[1142,1295,1150],"product_tag":[],"acf":[],"_links":{"self":[{"href":"https:\/\/www.polygonbikes.com\/pl\/wp-json\/wp\/v2\/product\/18857"}],"collection":[{"href":"https:\/\/www.polygonbikes.com\/pl\/wp-json\/wp\/v2\/product"}],"about":[{"href":"https:\/\/www.polygonbikes.com\/pl\/wp-json\/wp\/v2\/types\/product"}],"replies":[{"embeddable":true,"href":"https:\/\/www.polygonbikes.com\/pl\/wp-json\/wp\/v2\/comments?post=18857"}],"wp:featuredmedia":[{"embeddable":true,"href":"https:\/\/www.polygonbikes.com\/pl\/wp-json\/wp\/v2\/media\/59650"}],"wp:attachment":[{"href":"https:\/\/www.polygonbikes.com\/pl\/wp-json\/wp\/v2\/media?parent=18857"}],"wp:term":[{"taxonomy":"product_cat","embeddable":true,"href":"https:\/\/www.polygonbikes.com\/pl\/wp-json\/wp\/v2\/product_cat?post=18857"},{"taxonomy":"product_tag","embeddable":true,"href":"https:\/\/www.polygonbikes.com\/pl\/wp-json\/wp\/v2\/product_tag?post=18857"}],"curies":[{"name":"wp","href":"https:\/\/api.w.org\/{rel}","templated":true}]}}