{"id":18777,"date":"2021-04-09T06:56:16","date_gmt":"2021-04-08T23:56:16","guid":{"rendered":"https:\/\/www.polygonbikes.com\/siskiu-t7\/"},"modified":"2025-08-19T15:41:00","modified_gmt":"2025-08-19T08:41:00","slug":"siskiu-t7","status":"publish","type":"product","link":"https:\/\/www.polygonbikes.com\/pl\/siskiu-t7\/","title":{"rendered":"SISKIU T7"},"content":{"rendered":"<p>Strome podjazdy z korzeniami, spadkami, dywanami z du\u017cych ska\u0142 i ciasne zakr\u0119ty. Zat\u0119sknisz za adrenalin\u0105, kt\u00f3ra p\u0142ynie w Twoich \u017cy\u0142ach podczas jazdy po tych szlakach. Siskiu T7 Trail <a title=\"Mountain Bike (MTB)\" href=\"https:\/\/www.polygonbikes.com\/pl\/mtb-pl\/\" target=\"_blank\" rel=\"noopener\" data-schema-attribute=\"about mentions\">MTB<\/a> to nasz AS. Po\u0142\u0105czenie kr\u00f3tkiego tylnego tr\u00f3jk\u0105ta, lu\u017aniejszej g\u0142\u00f3wki ramy i zoptymalizowanej konstrukcji, kt\u00f3ra dziedziczy DNA ASA szlak\u00f3w. Przygotuj si\u0119 na zaskoczenie.<\/p>\n\n    <div class=\"xs_social_share_widget xs_share_url after_content \t\tmain_content  wslu-style-1 wslu-share-box-shaped wslu-fill-colored wslu-none wslu-share-horizontal wslu-theme-font-no wslu-main_content\">\n\n\t\t\n        <ul>\n\t\t\t        <\/ul>\n    <\/div> \n","protected":false},"excerpt":{"rendered":"<p>Tackla alla branta stigningar och sj\u00e4lvs\u00e4ker p\u00e5 alla tekniska nedfarter.<\/p>\n","protected":false},"featured_media":59668,"comment_status":"open","ping_status":"closed","template":"","meta":{"_editorskit_title_hidden":false,"_editorskit_reading_time":0,"_editorskit_is_block_options_detached":false,"_editorskit_block_options_position":"{}","_themeisle_gutenberg_block_has_review":false},"product_cat":[1142,1148,1286],"product_tag":[7476,7217],"acf":[],"_links":{"self":[{"href":"https:\/\/www.polygonbikes.com\/pl\/wp-json\/wp\/v2\/product\/18777"}],"collection":[{"href":"https:\/\/www.polygonbikes.com\/pl\/wp-json\/wp\/v2\/product"}],"about":[{"href":"https:\/\/www.polygonbikes.com\/pl\/wp-json\/wp\/v2\/types\/product"}],"replies":[{"embeddable":true,"href":"https:\/\/www.polygonbikes.com\/pl\/wp-json\/wp\/v2\/comments?post=18777"}],"wp:featuredmedia":[{"embeddable":true,"href":"https:\/\/www.polygonbikes.com\/pl\/wp-json\/wp\/v2\/media\/59668"}],"wp:attachment":[{"href":"https:\/\/www.polygonbikes.com\/pl\/wp-json\/wp\/v2\/media?parent=18777"}],"wp:term":[{"taxonomy":"product_cat","embeddable":true,"href":"https:\/\/www.polygonbikes.com\/pl\/wp-json\/wp\/v2\/product_cat?post=18777"},{"taxonomy":"product_tag","embeddable":true,"href":"https:\/\/www.polygonbikes.com\/pl\/wp-json\/wp\/v2\/product_tag?post=18777"}],"curies":[{"name":"wp","href":"https:\/\/api.w.org\/{rel}","templated":true}]}}