{"id":90118,"date":"2024-05-03T20:48:53","date_gmt":"2024-05-03T13:48:53","guid":{"rendered":"https:\/\/www.polygonbikes.com\/strattos-s4d\/"},"modified":"2025-11-13T16:36:24","modified_gmt":"2025-11-13T09:36:24","slug":"strattos-s4d","status":"publish","type":"product","link":"https:\/\/www.polygonbikes.com\/fr\/produit\/strattos-s4d\/","title":{"rendered":"STRATTOS S4D"},"content":{"rendered":"<p>Optez pour un v\u00e9lo \u00e9conomique et \u00e0 hauteur de vos ambitions. Le cadre aluminium et la fourche carbone de nos Strattos ALX garantissent une exp\u00e9rience de conduite fluide et r\u00e9active. C\u2019est l\u2019id\u00e9al des cyclistes \u00e0 la recherche d\u2019un excellent rapport qualit\u00e9 prix.<\/p>\n\n    <div class=\"xs_social_share_widget xs_share_url after_content \t\tmain_content  wslu-style-1 wslu-share-box-shaped wslu-fill-colored wslu-none wslu-share-horizontal wslu-theme-font-no wslu-main_content\">\n\n\t\t\n        <ul>\n\t\t\t        <\/ul>\n    <\/div> \n","protected":false},"excerpt":{"rendered":"<p>Nos v\u00e9los de route sport<\/p>\n","protected":false},"featured_media":86495,"comment_status":"closed","ping_status":"closed","template":"","meta":{"_editorskit_title_hidden":false,"_editorskit_reading_time":0,"_editorskit_is_block_options_detached":false,"_editorskit_block_options_position":"{}","_themeisle_gutenberg_block_has_review":false},"product_cat":[3332,3341,3343,3363],"product_tag":[],"acf":[],"_links":{"self":[{"href":"https:\/\/www.polygonbikes.com\/fr\/wp-json\/wp\/v2\/product\/90118"}],"collection":[{"href":"https:\/\/www.polygonbikes.com\/fr\/wp-json\/wp\/v2\/product"}],"about":[{"href":"https:\/\/www.polygonbikes.com\/fr\/wp-json\/wp\/v2\/types\/product"}],"replies":[{"embeddable":true,"href":"https:\/\/www.polygonbikes.com\/fr\/wp-json\/wp\/v2\/comments?post=90118"}],"wp:featuredmedia":[{"embeddable":true,"href":"https:\/\/www.polygonbikes.com\/fr\/wp-json\/wp\/v2\/media\/86495"}],"wp:attachment":[{"href":"https:\/\/www.polygonbikes.com\/fr\/wp-json\/wp\/v2\/media?parent=90118"}],"wp:term":[{"taxonomy":"product_cat","embeddable":true,"href":"https:\/\/www.polygonbikes.com\/fr\/wp-json\/wp\/v2\/product_cat?post=90118"},{"taxonomy":"product_tag","embeddable":true,"href":"https:\/\/www.polygonbikes.com\/fr\/wp-json\/wp\/v2\/product_tag?post=90118"}],"curies":[{"name":"wp","href":"https:\/\/api.w.org\/{rel}","templated":true}]}}