{"id":72309,"date":"2023-07-11T14:24:42","date_gmt":"2023-07-11T07:24:42","guid":{"rendered":"https:\/\/www.polygonbikes.com\/bend-r9x\/"},"modified":"2025-08-22T09:38:16","modified_gmt":"2025-08-22T02:38:16","slug":"bend-r9x","status":"publish","type":"product","link":"https:\/\/www.polygonbikes.com\/fr\/produit\/bend-r9x\/","title":{"rendered":"BEND R9X"},"content":{"rendered":"<p>Rassasiez votre esprit d&rsquo;aventure avec notre s\u00e9rie Polygon Bend. Compagnons ultimes pour les explorations sans limite, ces v\u00e9los sont destin\u00e9s \u00e0 conqu\u00e9rir les terrains accident\u00e9s avec facilit\u00e9. La g\u00e9om\u00e9trie agile offre une maniabilit\u00e9 optimale et permet aux cyclistes de rouler sur des sentiers difficiles et de conqu\u00e9rir des chemins sauvages en toute confiance. Que vous soyez un(e) adepte chevronn\u00e9(e) du gravel ou un(e) aventurier(e) tout-terrain en herbe, la s\u00e9rie Polygon Bend vous offre le plaisir in\u00e9gal\u00e9 d\u2019explorer sans limite.<\/p>\n\n    <div class=\"xs_social_share_widget xs_share_url after_content \t\tmain_content  wslu-style-1 wslu-share-box-shaped wslu-fill-colored wslu-none wslu-share-horizontal wslu-theme-font-no wslu-main_content\">\n\n\t\t\n        <ul>\n\t\t\t        <\/ul>\n    <\/div> \n","protected":false},"excerpt":{"rendered":"<p><span class=\"ui-provider bds bdt c d e f g h i j k l m n o p q r s t bdu bdv w x y z ab ac ae af ag ah ai aj ak\" dir=\"ltr\">A perfect gravel bike companion for you, pure adventurer!<\/span><\/p>\n","protected":false},"featured_media":71873,"comment_status":"open","ping_status":"closed","template":"","meta":{"_editorskit_title_hidden":false,"_editorskit_reading_time":0,"_editorskit_is_block_options_detached":false,"_editorskit_block_options_position":"{}","_themeisle_gutenberg_block_has_review":false},"product_cat":[3332,3344,3535,3345],"product_tag":[],"acf":[],"_links":{"self":[{"href":"https:\/\/www.polygonbikes.com\/fr\/wp-json\/wp\/v2\/product\/72309"}],"collection":[{"href":"https:\/\/www.polygonbikes.com\/fr\/wp-json\/wp\/v2\/product"}],"about":[{"href":"https:\/\/www.polygonbikes.com\/fr\/wp-json\/wp\/v2\/types\/product"}],"replies":[{"embeddable":true,"href":"https:\/\/www.polygonbikes.com\/fr\/wp-json\/wp\/v2\/comments?post=72309"}],"wp:featuredmedia":[{"embeddable":true,"href":"https:\/\/www.polygonbikes.com\/fr\/wp-json\/wp\/v2\/media\/71873"}],"wp:attachment":[{"href":"https:\/\/www.polygonbikes.com\/fr\/wp-json\/wp\/v2\/media?parent=72309"}],"wp:term":[{"taxonomy":"product_cat","embeddable":true,"href":"https:\/\/www.polygonbikes.com\/fr\/wp-json\/wp\/v2\/product_cat?post=72309"},{"taxonomy":"product_tag","embeddable":true,"href":"https:\/\/www.polygonbikes.com\/fr\/wp-json\/wp\/v2\/product_tag?post=72309"}],"curies":[{"name":"wp","href":"https:\/\/api.w.org\/{rel}","templated":true}]}}