{"id":70628,"date":"2021-11-01T10:57:11","date_gmt":"2021-11-01T03:57:11","guid":{"rendered":"https:\/\/www.polygonbikes.com\/cleo-2\/"},"modified":"2025-08-22T09:51:55","modified_gmt":"2025-08-22T02:51:55","slug":"cleo-2-2019","status":"publish","type":"product","link":"https:\/\/www.polygonbikes.com\/fr\/produit\/cleo-2-2019\/","title":{"rendered":"CLEO 2"},"content":{"rendered":"<p>Notre Polygon Cl\u00e9o d\u00e9tient lui aussi un pouvoir de s\u00e9duction hors du commun. Attach\u00e9 \u00e0 conqu\u00e9rir toute \u00e9preuve de maniabilit\u00e9, l\u2019enjambement bas est son atout majeur. La mont\u00e9e et la descente du v\u00e9lo se font ainsi sans forcer. La position de conduite est confortable. L\u2019adh\u00e9rence des pneus et la puissance des freins rassurent et prennent soin de votre s\u00e9curit\u00e9.<\/p>\n\n    <div class=\"xs_social_share_widget xs_share_url after_content \t\tmain_content  wslu-style-1 wslu-share-box-shaped wslu-fill-colored wslu-none wslu-share-horizontal wslu-theme-font-no wslu-main_content\">\n\n\t\t\n        <ul>\n\t\t\t        <\/ul>\n    <\/div> \n","protected":false},"excerpt":{"rendered":"<p>Nos VTT loisirs<\/p>\n","protected":false},"featured_media":70629,"comment_status":"open","ping_status":"closed","template":"","meta":{"_editorskit_title_hidden":false,"_editorskit_reading_time":0,"_editorskit_is_block_options_detached":false,"_editorskit_block_options_position":"{}","_themeisle_gutenberg_block_has_review":false},"product_cat":[3332,3333,3522,3334],"product_tag":[],"acf":[],"_links":{"self":[{"href":"https:\/\/www.polygonbikes.com\/fr\/wp-json\/wp\/v2\/product\/70628"}],"collection":[{"href":"https:\/\/www.polygonbikes.com\/fr\/wp-json\/wp\/v2\/product"}],"about":[{"href":"https:\/\/www.polygonbikes.com\/fr\/wp-json\/wp\/v2\/types\/product"}],"replies":[{"embeddable":true,"href":"https:\/\/www.polygonbikes.com\/fr\/wp-json\/wp\/v2\/comments?post=70628"}],"wp:featuredmedia":[{"embeddable":true,"href":"https:\/\/www.polygonbikes.com\/fr\/wp-json\/wp\/v2\/media\/70629"}],"wp:attachment":[{"href":"https:\/\/www.polygonbikes.com\/fr\/wp-json\/wp\/v2\/media?parent=70628"}],"wp:term":[{"taxonomy":"product_cat","embeddable":true,"href":"https:\/\/www.polygonbikes.com\/fr\/wp-json\/wp\/v2\/product_cat?post=70628"},{"taxonomy":"product_tag","embeddable":true,"href":"https:\/\/www.polygonbikes.com\/fr\/wp-json\/wp\/v2\/product_tag?post=70628"}],"curies":[{"name":"wp","href":"https:\/\/api.w.org\/{rel}","templated":true}]}}