{"id":70586,"date":"2021-09-30T13:54:25","date_gmt":"2021-09-30T06:54:25","guid":{"rendered":"https:\/\/www.polygonbikes.com\/premier-4\/"},"modified":"2025-08-22T08:48:39","modified_gmt":"2025-08-22T01:48:39","slug":"premier-4","status":"publish","type":"product","link":"https:\/\/www.polygonbikes.com\/fr\/produit\/premier-4\/","title":{"rendered":"PREMIER 4"},"content":{"rendered":"<p>Assembl\u00e9e sur la base d\u2019un chassis aluminium l\u00e9ger et durable, la g\u00e9om\u00e9trie moderne de notre s\u00e9rie PREMIER 4 offre \u00e0 celles et ceux qui ne sont pas encore tomb\u00e9s amoureux d\u2019un VTT, de s\u2019adonner pleinement \u00e0 une nouvelle passion.<\/p>\n\n    <div class=\"xs_social_share_widget xs_share_url after_content \t\tmain_content  wslu-style-1 wslu-share-box-shaped wslu-fill-colored wslu-none wslu-share-horizontal wslu-theme-font-no wslu-main_content\">\n\n\t\t\n        <ul>\n\t\t\t        <\/ul>\n    <\/div> \n","protected":false},"excerpt":{"rendered":"<p>Nos VTT loisirs<\/p>\n","protected":false},"featured_media":70606,"comment_status":"open","ping_status":"closed","template":"","meta":{"_editorskit_title_hidden":false,"_editorskit_reading_time":0,"_editorskit_is_block_options_detached":false,"_editorskit_block_options_position":"{}","_themeisle_gutenberg_block_has_review":false},"product_cat":[3333,3334,3521],"product_tag":[7218],"acf":[],"_links":{"self":[{"href":"https:\/\/www.polygonbikes.com\/fr\/wp-json\/wp\/v2\/product\/70586"}],"collection":[{"href":"https:\/\/www.polygonbikes.com\/fr\/wp-json\/wp\/v2\/product"}],"about":[{"href":"https:\/\/www.polygonbikes.com\/fr\/wp-json\/wp\/v2\/types\/product"}],"replies":[{"embeddable":true,"href":"https:\/\/www.polygonbikes.com\/fr\/wp-json\/wp\/v2\/comments?post=70586"}],"wp:featuredmedia":[{"embeddable":true,"href":"https:\/\/www.polygonbikes.com\/fr\/wp-json\/wp\/v2\/media\/70606"}],"wp:attachment":[{"href":"https:\/\/www.polygonbikes.com\/fr\/wp-json\/wp\/v2\/media?parent=70586"}],"wp:term":[{"taxonomy":"product_cat","embeddable":true,"href":"https:\/\/www.polygonbikes.com\/fr\/wp-json\/wp\/v2\/product_cat?post=70586"},{"taxonomy":"product_tag","embeddable":true,"href":"https:\/\/www.polygonbikes.com\/fr\/wp-json\/wp\/v2\/product_tag?post=70586"}],"curies":[{"name":"wp","href":"https:\/\/api.w.org\/{rel}","templated":true}]}}