{"id":70071,"date":"2022-11-02T16:31:36","date_gmt":"2022-11-02T09:31:36","guid":{"rendered":"https:\/\/www.polygonbikes.com\/helios-a7x\/"},"modified":"2025-09-26T16:04:58","modified_gmt":"2025-09-26T09:04:58","slug":"helios-a7x","status":"publish","type":"product","link":"https:\/\/www.polygonbikes.com\/fr\/produit\/helios-a7x\/","title":{"rendered":"HELIOS A7X"},"content":{"rendered":"<p><span data-sheets-value=\"{&quot;1&quot;:2,&quot;2&quot;:&quot;Notre s\u00e9rie Helios est compos\u00e9e de v\u00e9los de route comp\u00e9tition. Aussi solaires les uns que les autres, ils rayonnent de rendement, d'efficacit\u00e9 \u00e0 la relance et de maniabilit\u00e9. Le design racing bas\u00e9 sur des formes a\u00e9ro est dessin\u00e9 pour fendre l'air. L'int\u00e9gration des diff\u00e9rents c\u00e2bles et gaines est totale et les diff\u00e9rents niveaux de transmission m\u00e9canique ou \u00e9lectronique Shimano en font une gamme unique et sp\u00e9cifique pour r\u00e9v\u00e9ler vos talents et performances.&quot;}\" data-sheets-userformat=\"{&quot;2&quot;:14399,&quot;3&quot;:{&quot;1&quot;:1},&quot;4&quot;:{&quot;1&quot;:2,&quot;2&quot;:63744},&quot;5&quot;:{&quot;1&quot;:[{&quot;1&quot;:2,&quot;2&quot;:0,&quot;5&quot;:{&quot;1&quot;:2,&quot;2&quot;:11184810}},{&quot;1&quot;:0,&quot;2&quot;:0,&quot;3&quot;:3},{&quot;1&quot;:1,&quot;2&quot;:0,&quot;4&quot;:1}]},&quot;6&quot;:{&quot;1&quot;:[{&quot;1&quot;:2,&quot;2&quot;:0,&quot;5&quot;:{&quot;1&quot;:2,&quot;2&quot;:11184810}},{&quot;1&quot;:0,&quot;2&quot;:0,&quot;3&quot;:3},{&quot;1&quot;:1,&quot;2&quot;:0,&quot;4&quot;:1}]},&quot;7&quot;:{&quot;1&quot;:[{&quot;1&quot;:2,&quot;2&quot;:0,&quot;5&quot;:{&quot;1&quot;:2,&quot;2&quot;:11184810}},{&quot;1&quot;:0,&quot;2&quot;:0,&quot;3&quot;:3},{&quot;1&quot;:1,&quot;2&quot;:0,&quot;4&quot;:1}]},&quot;8&quot;:{&quot;1&quot;:[{&quot;1&quot;:2,&quot;2&quot;:0,&quot;5&quot;:{&quot;1&quot;:2,&quot;2&quot;:11184810}},{&quot;1&quot;:0,&quot;2&quot;:0,&quot;3&quot;:3},{&quot;1&quot;:1,&quot;2&quot;:0,&quot;4&quot;:1}]},&quot;14&quot;:{&quot;1&quot;:2,&quot;2&quot;:0},&quot;15&quot;:&quot;Arial&quot;,&quot;16&quot;:10}\">Notre s\u00e9rie Helios est compos\u00e9e de v\u00e9los de route comp\u00e9tition. Aussi solaires les uns que les autres, ils rayonnent de rendement, d&rsquo;efficacit\u00e9 \u00e0 la relance et de maniabilit\u00e9. Le design racing bas\u00e9 sur des formes a\u00e9ro est dessin\u00e9 pour fendre l&rsquo;air. L&rsquo;int\u00e9gration des diff\u00e9rents c\u00e2bles et gaines est totale et les diff\u00e9rents niveaux de transmission m\u00e9canique ou \u00e9lectronique Shimano en font une gamme unique et sp\u00e9cifique pour r\u00e9v\u00e9ler vos talents et performances.<\/span><\/p>\n\n    <div class=\"xs_social_share_widget xs_share_url after_content \t\tmain_content  wslu-style-1 wslu-share-box-shaped wslu-fill-colored wslu-none wslu-share-horizontal wslu-theme-font-no wslu-main_content\">\n\n\t\t\n        <ul>\n\t\t\t        <\/ul>\n    <\/div> \n","protected":false},"excerpt":{"rendered":"<p><span data-sheets-value=\"{&quot;1&quot;:2,&quot;2&quot;:&quot;Nos v\u00e9los de route comp\u00e9tition&quot;}\" data-sheets-userformat=\"{&quot;2&quot;:14399,&quot;3&quot;:{&quot;1&quot;:1},&quot;4&quot;:{&quot;1&quot;:2,&quot;2&quot;:63744},&quot;5&quot;:{&quot;1&quot;:[{&quot;1&quot;:2,&quot;2&quot;:0,&quot;5&quot;:{&quot;1&quot;:2,&quot;2&quot;:11184810}},{&quot;1&quot;:0,&quot;2&quot;:0,&quot;3&quot;:3},{&quot;1&quot;:1,&quot;2&quot;:0,&quot;4&quot;:1}]},&quot;6&quot;:{&quot;1&quot;:[{&quot;1&quot;:2,&quot;2&quot;:0,&quot;5&quot;:{&quot;1&quot;:2,&quot;2&quot;:11184810}},{&quot;1&quot;:0,&quot;2&quot;:0,&quot;3&quot;:3},{&quot;1&quot;:1,&quot;2&quot;:0,&quot;4&quot;:1}]},&quot;7&quot;:{&quot;1&quot;:[{&quot;1&quot;:2,&quot;2&quot;:0,&quot;5&quot;:{&quot;1&quot;:2,&quot;2&quot;:11184810}},{&quot;1&quot;:0,&quot;2&quot;:0,&quot;3&quot;:3},{&quot;1&quot;:1,&quot;2&quot;:0,&quot;4&quot;:1}]},&quot;8&quot;:{&quot;1&quot;:[{&quot;1&quot;:2,&quot;2&quot;:0,&quot;5&quot;:{&quot;1&quot;:2,&quot;2&quot;:11184810}},{&quot;1&quot;:0,&quot;2&quot;:0,&quot;3&quot;:3},{&quot;1&quot;:1,&quot;2&quot;:0,&quot;4&quot;:1}]},&quot;14&quot;:{&quot;1&quot;:2,&quot;2&quot;:0},&quot;15&quot;:&quot;Arial&quot;,&quot;16&quot;:10}\">Nos v\u00e9los de route comp\u00e9tition<\/span><\/p>\n","protected":false},"featured_media":83179,"comment_status":"open","ping_status":"closed","template":"","meta":{"_editorskit_title_hidden":false,"_editorskit_reading_time":0,"_editorskit_is_block_options_detached":false,"_editorskit_block_options_position":"{}","_themeisle_gutenberg_block_has_review":false},"product_cat":[3332,3341,3364,3342],"product_tag":[],"acf":[],"_links":{"self":[{"href":"https:\/\/www.polygonbikes.com\/fr\/wp-json\/wp\/v2\/product\/70071"}],"collection":[{"href":"https:\/\/www.polygonbikes.com\/fr\/wp-json\/wp\/v2\/product"}],"about":[{"href":"https:\/\/www.polygonbikes.com\/fr\/wp-json\/wp\/v2\/types\/product"}],"replies":[{"embeddable":true,"href":"https:\/\/www.polygonbikes.com\/fr\/wp-json\/wp\/v2\/comments?post=70071"}],"wp:featuredmedia":[{"embeddable":true,"href":"https:\/\/www.polygonbikes.com\/fr\/wp-json\/wp\/v2\/media\/83179"}],"wp:attachment":[{"href":"https:\/\/www.polygonbikes.com\/fr\/wp-json\/wp\/v2\/media?parent=70071"}],"wp:term":[{"taxonomy":"product_cat","embeddable":true,"href":"https:\/\/www.polygonbikes.com\/fr\/wp-json\/wp\/v2\/product_cat?post=70071"},{"taxonomy":"product_tag","embeddable":true,"href":"https:\/\/www.polygonbikes.com\/fr\/wp-json\/wp\/v2\/product_tag?post=70071"}],"curies":[{"name":"wp","href":"https:\/\/api.w.org\/{rel}","templated":true}]}}