{"id":70010,"date":"2022-11-11T15:00:33","date_gmt":"2022-11-11T08:00:33","guid":{"rendered":"https:\/\/www.polygonbikes.com\/collosus-n9\/"},"modified":"2025-11-27T15:59:26","modified_gmt":"2025-11-27T08:59:26","slug":"collosus-n9","status":"publish","type":"product","link":"https:\/\/www.polygonbikes.com\/fr\/produit\/collosus-n9\/","title":{"rendered":"COLLOSUS N9"},"content":{"rendered":"<p>Notre VTT Polygon Collosus N est \u00ab\u00a0race ready\u00a0\u00bb (Pr\u00eat \u00e0 courir). Antisquat optimis\u00e9, Reach et Stack d\u2019une g\u00e9om\u00e9trie moderne, sur\u00e9quip\u00e9 et surtout accessible \u00e0 tous, au guidon de notre VTT enduro, vous serez capable de prendre le d\u00e9part d\u2019une course d\u2019Enduro r\u00e9gionale, d\u2019une coupe de France Enduro Series, d\u2019une Maxi ou Mega Avalanche avec l\u2019assurance de performer \u00e0 votre meilleur niveau.<\/p>\n\n    <div class=\"xs_social_share_widget xs_share_url after_content \t\tmain_content  wslu-style-1 wslu-share-box-shaped wslu-fill-colored wslu-none wslu-share-horizontal wslu-theme-font-no wslu-main_content\">\n\n\t\t\n        <ul>\n\t\t\t        <\/ul>\n    <\/div> \n","protected":false},"excerpt":{"rendered":"<p>Nos VTT Enduro<\/p>\n","protected":false},"featured_media":70026,"comment_status":"open","ping_status":"closed","template":"","meta":{"_editorskit_title_hidden":false,"_editorskit_reading_time":0,"_editorskit_is_block_options_detached":false,"_editorskit_block_options_position":"{}","_themeisle_gutenberg_block_has_review":false},"product_cat":[3332],"product_tag":[],"acf":[],"_links":{"self":[{"href":"https:\/\/www.polygonbikes.com\/fr\/wp-json\/wp\/v2\/product\/70010"}],"collection":[{"href":"https:\/\/www.polygonbikes.com\/fr\/wp-json\/wp\/v2\/product"}],"about":[{"href":"https:\/\/www.polygonbikes.com\/fr\/wp-json\/wp\/v2\/types\/product"}],"replies":[{"embeddable":true,"href":"https:\/\/www.polygonbikes.com\/fr\/wp-json\/wp\/v2\/comments?post=70010"}],"wp:featuredmedia":[{"embeddable":true,"href":"https:\/\/www.polygonbikes.com\/fr\/wp-json\/wp\/v2\/media\/70026"}],"wp:attachment":[{"href":"https:\/\/www.polygonbikes.com\/fr\/wp-json\/wp\/v2\/media?parent=70010"}],"wp:term":[{"taxonomy":"product_cat","embeddable":true,"href":"https:\/\/www.polygonbikes.com\/fr\/wp-json\/wp\/v2\/product_cat?post=70010"},{"taxonomy":"product_tag","embeddable":true,"href":"https:\/\/www.polygonbikes.com\/fr\/wp-json\/wp\/v2\/product_tag?post=70010"}],"curies":[{"name":"wp","href":"https:\/\/api.w.org\/{rel}","templated":true}]}}