{"id":69949,"date":"2021-11-01T10:02:14","date_gmt":"2021-11-01T03:02:14","guid":{"rendered":"https:\/\/www.polygonbikes.com\/sierra-ds-gent\/"},"modified":"2025-08-22T08:50:56","modified_gmt":"2025-08-22T01:50:56","slug":"sierra-ds-gent","status":"publish","type":"product","link":"https:\/\/www.polygonbikes.com\/fr\/produit\/sierra-ds-gent\/","title":{"rendered":"SIERRA DS GENT"},"content":{"rendered":"<p><span data-sheets-value=\"{&quot;1&quot;:2,&quot;2&quot;:&quot;Le Sierra Deluxe est un v\u00e9lo de ville utilitaire \u00e0 la fois confortable et facile \u00e0 conduire. La position de conduite droite renforce son caract\u00e8re s\u00e9curisant en vous permettant d\u2019observer la circulation tout en p\u00e9dalant. Tout \u00e9quip\u00e9 (garde-boue avant et arri\u00e8re, porte-bagages arri\u00e8re, garde-cha\u00eene et des feux avant et arri\u00e8re), notre v\u00e9lo est par\u00e9 pour affronter la ville soleil levant, soleil couchant, ciel pluvieux ou ensoleill\u00e9. Changez la fa\u00e7on de vous d\u00e9placer, roulez \u00e0 v\u00e9lo pour vos courts trajets.&quot;}\" data-sheets-userformat=\"{&quot;2&quot;:14399,&quot;3&quot;:{&quot;1&quot;:1},&quot;4&quot;:{&quot;1&quot;:2,&quot;2&quot;:63744},&quot;5&quot;:{&quot;1&quot;:[{&quot;1&quot;:2,&quot;2&quot;:0,&quot;5&quot;:{&quot;1&quot;:2,&quot;2&quot;:11184810}},{&quot;1&quot;:0,&quot;2&quot;:0,&quot;3&quot;:3},{&quot;1&quot;:1,&quot;2&quot;:0,&quot;4&quot;:1}]},&quot;6&quot;:{&quot;1&quot;:[{&quot;1&quot;:2,&quot;2&quot;:0,&quot;5&quot;:{&quot;1&quot;:2,&quot;2&quot;:11184810}},{&quot;1&quot;:0,&quot;2&quot;:0,&quot;3&quot;:3},{&quot;1&quot;:1,&quot;2&quot;:0,&quot;4&quot;:1}]},&quot;7&quot;:{&quot;1&quot;:[{&quot;1&quot;:2,&quot;2&quot;:0,&quot;5&quot;:{&quot;1&quot;:2,&quot;2&quot;:11184810}},{&quot;1&quot;:0,&quot;2&quot;:0,&quot;3&quot;:3},{&quot;1&quot;:1,&quot;2&quot;:0,&quot;4&quot;:1}]},&quot;8&quot;:{&quot;1&quot;:[{&quot;1&quot;:2,&quot;2&quot;:0,&quot;5&quot;:{&quot;1&quot;:2,&quot;2&quot;:11184810}},{&quot;1&quot;:0,&quot;2&quot;:0,&quot;3&quot;:3},{&quot;1&quot;:1,&quot;2&quot;:0,&quot;4&quot;:1}]},&quot;14&quot;:{&quot;1&quot;:2,&quot;2&quot;:0},&quot;15&quot;:&quot;Arial&quot;,&quot;16&quot;:10}\">Le Sierra Deluxe est un v\u00e9lo de ville utilitaire \u00e0 la fois confortable et facile \u00e0 conduire. La position de conduite droite renforce son caract\u00e8re s\u00e9curisant en vous permettant d\u2019observer la circulation tout en p\u00e9dalant. Tout \u00e9quip\u00e9 (garde-boue avant et arri\u00e8re, porte-bagages arri\u00e8re, garde-cha\u00eene et des feux avant et arri\u00e8re), notre v\u00e9lo est par\u00e9 pour affronter la ville soleil levant, soleil couchant, ciel pluvieux ou ensoleill\u00e9. Changez la fa\u00e7on de vous d\u00e9placer, roulez \u00e0 v\u00e9lo pour vos courts trajets.<\/span><\/p>\n\n    <div class=\"xs_social_share_widget xs_share_url after_content \t\tmain_content  wslu-style-1 wslu-share-box-shaped wslu-fill-colored wslu-none wslu-share-horizontal wslu-theme-font-no wslu-main_content\">\n\n\t\t\n        <ul>\n\t\t\t        <\/ul>\n    <\/div> \n","protected":false},"excerpt":{"rendered":"<p>Nos v\u00e9los de ville utilitaires<\/p>\n","protected":false},"featured_media":69951,"comment_status":"closed","ping_status":"closed","template":"","meta":{"_editorskit_title_hidden":false,"_editorskit_reading_time":0,"_editorskit_is_block_options_detached":false,"_editorskit_block_options_position":"{}","_themeisle_gutenberg_block_has_review":false},"product_cat":[3332],"product_tag":[],"acf":[],"_links":{"self":[{"href":"https:\/\/www.polygonbikes.com\/fr\/wp-json\/wp\/v2\/product\/69949"}],"collection":[{"href":"https:\/\/www.polygonbikes.com\/fr\/wp-json\/wp\/v2\/product"}],"about":[{"href":"https:\/\/www.polygonbikes.com\/fr\/wp-json\/wp\/v2\/types\/product"}],"replies":[{"embeddable":true,"href":"https:\/\/www.polygonbikes.com\/fr\/wp-json\/wp\/v2\/comments?post=69949"}],"wp:featuredmedia":[{"embeddable":true,"href":"https:\/\/www.polygonbikes.com\/fr\/wp-json\/wp\/v2\/media\/69951"}],"wp:attachment":[{"href":"https:\/\/www.polygonbikes.com\/fr\/wp-json\/wp\/v2\/media?parent=69949"}],"wp:term":[{"taxonomy":"product_cat","embeddable":true,"href":"https:\/\/www.polygonbikes.com\/fr\/wp-json\/wp\/v2\/product_cat?post=69949"},{"taxonomy":"product_tag","embeddable":true,"href":"https:\/\/www.polygonbikes.com\/fr\/wp-json\/wp\/v2\/product_tag?post=69949"}],"curies":[{"name":"wp","href":"https:\/\/api.w.org\/{rel}","templated":true}]}}